{"id":7591,"date":"2026-04-27T15:47:08","date_gmt":"2026-04-27T13:47:08","guid":{"rendered":"https:\/\/moversbyfue.com\/secciones\/?page_id=7591"},"modified":"2026-04-27T15:57:04","modified_gmt":"2026-04-27T13:57:04","slug":"novena-edicion","status":"publish","type":"page","link":"https:\/\/moversbyfue.com\/secciones\/novena-edicion\/","title":{"rendered":"Novena Edici\u00f3n"},"content":{"rendered":"<section class=\"l-section wpb_row height_medium\"><div class=\"l-section-h i-cf\"><div class=\"g-cols type_default\"><div class=\"vc_col-sm-12 wpb_column vc_column_container\"><div class=\"vc_column-inner\"><div class=\"wpb_wrapper\"><div class=\"wpb_text_column \"><div class=\"wpb_wrapper\">\n<div class=\"wpb_text_column \">\n<div class=\"wpb_wrapper\">\n<h2 style=\"text-align: center;\"><strong><span style=\"color: #d42f43;\">PROGRAMA \u00abC4T CALL FOR TALENT\u00bb<\/span><\/strong><\/h2>\n<p style=\"text-align: center;\"><span class=\"textoblanco18\"><span style=\"color: #333333; font-size: large;\">NOVENA EDICI\u00d3N<\/span><\/span><\/p>\n<\/div>\n<\/div>\n<div class=\"vc_empty_space\" style=\"height: 30px\"><span class=\"vc_empty_space_inner\"><\/span><\/div>\n<div class=\"wpb_text_column \">\n<div class=\"wpb_wrapper\">\n<p style=\"margin:0 25px;\">En esta 9\u00aa edici\u00f3n, nuestros Movers by FUE visitar\u00e1n EEUU. Puedes ver todo el proceso a trav\u00e9s de nuestras redes sociales de la Fundaci\u00f3n universidad- Empresa y en el blog (enlace al blog <a href=\"https:\/\/moversbyfue.com\/secciones\/noticias-movers\/\">https:\/\/moversbyfue.com\/secciones\/noticias-movers\/<\/a>)<\/p>\n<\/div>\n<\/div>\n<\/div> <\/div> <\/div><\/div><\/div><\/div><\/div><\/section><section class=\"l-section wpb_row height_medium\"><div class=\"l-section-h i-cf\"><div class=\"g-cols type_default\"><div class=\"vc_col-sm-12 wpb_column vc_column_container\"><div class=\"vc_column-inner\"><div class=\"wpb_wrapper\"><div class=\"wpb_text_column \"><div class=\"wpb_wrapper\">\n<h2 style=\"text-align: center;\"><strong><span style=\"color: #d42f43;\">ALUMNOS<\/span><\/strong><\/h2>\n<\/div> <\/div> <\/div><\/div><\/div><\/div><\/div><\/section><section class=\"l-section wpb_row height_medium\"><div class=\"l-section-h i-cf\"><div class=\"g-cols type_default\"><div class=\"vc_col-sm-2 wpb_column vc_column_container\"><div class=\"vc_column-inner\"><div class=\"wpb_wrapper\"><div class=\"w-image align_center\"><div class=\"us-frame\"><img loading=\"lazy\" decoding=\"async\" width=\"150\" height=\"150\" src=\"https:\/\/moversbyfue.com\/secciones\/wp-content\/uploads\/2026\/04\/Paola-Celozzi-150x150.jpg\" class=\"attachment-thumbnail size-thumbnail\" alt=\"\" srcset=\"https:\/\/moversbyfue.com\/secciones\/wp-content\/uploads\/2026\/04\/Paola-Celozzi-150x150.jpg 150w, https:\/\/moversbyfue.com\/secciones\/wp-content\/uploads\/2026\/04\/Paola-Celozzi-300x300.jpg 300w, https:\/\/moversbyfue.com\/secciones\/wp-content\/uploads\/2026\/04\/Paola-Celozzi-350x350.jpg 350w, https:\/\/moversbyfue.com\/secciones\/wp-content\/uploads\/2026\/04\/Paola-Celozzi.jpg 400w\" sizes=\"(max-width: 150px) 100vw, 150px\" \/><\/div><\/div><div class=\"wpb_text_column \"><div class=\"wpb_wrapper\">\n<p style=\"text-align: center;\"><span style=\"font-size: small;\"><b><span style=\"color: #d42f43;\">PAOLA CELOZZI<\/span><br \/>\n<\/b>Derecho<\/span><\/p>\n<\/div> <\/div> <\/div><\/div><\/div><div class=\"vc_col-sm-2 wpb_column vc_column_container\"><div class=\"vc_column-inner\"><div class=\"wpb_wrapper\"><div class=\"w-image align_center\"><div class=\"us-frame\"><img loading=\"lazy\" decoding=\"async\" width=\"150\" height=\"150\" src=\"https:\/\/moversbyfue.com\/secciones\/wp-content\/uploads\/2026\/04\/Miriam-Arconada-Pedriza-150x150.jpg\" class=\"attachment-thumbnail size-thumbnail\" alt=\"\" srcset=\"https:\/\/moversbyfue.com\/secciones\/wp-content\/uploads\/2026\/04\/Miriam-Arconada-Pedriza-150x150.jpg 150w, https:\/\/moversbyfue.com\/secciones\/wp-content\/uploads\/2026\/04\/Miriam-Arconada-Pedriza-300x300.jpg 300w, https:\/\/moversbyfue.com\/secciones\/wp-content\/uploads\/2026\/04\/Miriam-Arconada-Pedriza-350x350.jpg 350w, https:\/\/moversbyfue.com\/secciones\/wp-content\/uploads\/2026\/04\/Miriam-Arconada-Pedriza.jpg 400w\" sizes=\"(max-width: 150px) 100vw, 150px\" \/><\/div><\/div><div class=\"wpb_text_column \"><div class=\"wpb_wrapper\">\n<p style=\"text-align: center;\"><span style=\"font-size: small;\"><b><span style=\"color: #d42f43;\">MIRIAM ARCONADA PEDRIZA<\/span><br \/>\n<\/b>Ingenier\u00eda Inform\u00e1tica<\/span><\/p>\n<\/div> <\/div> <\/div><\/div><\/div><div class=\"vc_col-sm-2 wpb_column vc_column_container\"><div class=\"vc_column-inner\"><div class=\"wpb_wrapper\"><div class=\"w-image align_center\"><div class=\"us-frame\"><img loading=\"lazy\" decoding=\"async\" width=\"150\" height=\"150\" src=\"https:\/\/moversbyfue.com\/secciones\/wp-content\/uploads\/2026\/04\/Miguel-Parra-Garcia-150x150.jpg\" class=\"attachment-thumbnail size-thumbnail\" alt=\"\" srcset=\"https:\/\/moversbyfue.com\/secciones\/wp-content\/uploads\/2026\/04\/Miguel-Parra-Garcia-150x150.jpg 150w, https:\/\/moversbyfue.com\/secciones\/wp-content\/uploads\/2026\/04\/Miguel-Parra-Garcia-300x300.jpg 300w, https:\/\/moversbyfue.com\/secciones\/wp-content\/uploads\/2026\/04\/Miguel-Parra-Garcia-350x350.jpg 350w, https:\/\/moversbyfue.com\/secciones\/wp-content\/uploads\/2026\/04\/Miguel-Parra-Garcia.jpg 400w\" sizes=\"(max-width: 150px) 100vw, 150px\" \/><\/div><\/div><div class=\"wpb_text_column \"><div class=\"wpb_wrapper\">\n<p style=\"text-align: center;\"><span style=\"font-size: small;\"><b><span style=\"color: #d42f43;\">MIGUEL PARRA GARC\u00cdA<\/span><br \/>\n<\/b>Dise\u00f1o y Fabricaci\u00f3n Integrada Asistidos por Computador<\/span><\/p>\n<\/div> <\/div> <\/div><\/div><\/div><div class=\"vc_col-sm-2 wpb_column vc_column_container\"><div class=\"vc_column-inner\"><div class=\"wpb_wrapper\"><div class=\"w-image align_center\"><div class=\"us-frame\"><img loading=\"lazy\" decoding=\"async\" width=\"150\" height=\"150\" src=\"https:\/\/moversbyfue.com\/secciones\/wp-content\/uploads\/2026\/04\/Marina-Pardo-Gonzalez-150x150.jpg\" class=\"attachment-thumbnail size-thumbnail\" alt=\"\" srcset=\"https:\/\/moversbyfue.com\/secciones\/wp-content\/uploads\/2026\/04\/Marina-Pardo-Gonzalez-150x150.jpg 150w, https:\/\/moversbyfue.com\/secciones\/wp-content\/uploads\/2026\/04\/Marina-Pardo-Gonzalez-300x300.jpg 300w, https:\/\/moversbyfue.com\/secciones\/wp-content\/uploads\/2026\/04\/Marina-Pardo-Gonzalez-350x350.jpg 350w, https:\/\/moversbyfue.com\/secciones\/wp-content\/uploads\/2026\/04\/Marina-Pardo-Gonzalez.jpg 400w\" sizes=\"(max-width: 150px) 100vw, 150px\" \/><\/div><\/div><div class=\"wpb_text_column \"><div class=\"wpb_wrapper\">\n<p style=\"text-align: center;\"><span style=\"font-size: small;\"><b><span style=\"color: #d42f43;\">MARINA PARDO GONZ\u00c1LEZ<\/span><br \/>\n<\/b>Matem\u00e1ticas y Estad\u00edstica<\/span><\/p>\n<\/div> <\/div> <\/div><\/div><\/div><div class=\"vc_col-sm-2 wpb_column vc_column_container\"><div class=\"vc_column-inner\"><div class=\"wpb_wrapper\"><div class=\"w-image align_center\"><div class=\"us-frame\"><img loading=\"lazy\" decoding=\"async\" width=\"150\" height=\"150\" src=\"https:\/\/moversbyfue.com\/secciones\/wp-content\/uploads\/2026\/04\/Marina-Jimenez-Mendez-150x150.jpg\" class=\"attachment-thumbnail size-thumbnail\" alt=\"\" srcset=\"https:\/\/moversbyfue.com\/secciones\/wp-content\/uploads\/2026\/04\/Marina-Jimenez-Mendez-150x150.jpg 150w, https:\/\/moversbyfue.com\/secciones\/wp-content\/uploads\/2026\/04\/Marina-Jimenez-Mendez-300x300.jpg 300w, https:\/\/moversbyfue.com\/secciones\/wp-content\/uploads\/2026\/04\/Marina-Jimenez-Mendez-350x350.jpg 350w, https:\/\/moversbyfue.com\/secciones\/wp-content\/uploads\/2026\/04\/Marina-Jimenez-Mendez.jpg 400w\" sizes=\"(max-width: 150px) 100vw, 150px\" \/><\/div><\/div><div class=\"wpb_text_column \"><div class=\"wpb_wrapper\">\n<p style=\"text-align: center;\"><span style=\"font-size: small;\"><b><span style=\"color: #d42f43;\">MARINA JIM\u00c9NEZ M\u00c9NDEZ<\/span><br \/>\n<\/b>Derecho<\/span><\/p>\n<\/div> <\/div> <\/div><\/div><\/div><div class=\"vc_col-sm-2 wpb_column vc_column_container\"><div class=\"vc_column-inner\"><div class=\"wpb_wrapper\"><div class=\"w-image align_center\"><div class=\"us-frame\"><img loading=\"lazy\" decoding=\"async\" width=\"150\" height=\"150\" src=\"https:\/\/moversbyfue.com\/secciones\/wp-content\/uploads\/2026\/04\/Maria-Lluc-Fernandez-Heredero-1-150x150.jpg\" class=\"attachment-thumbnail size-thumbnail\" alt=\"\" srcset=\"https:\/\/moversbyfue.com\/secciones\/wp-content\/uploads\/2026\/04\/Maria-Lluc-Fernandez-Heredero-1-150x150.jpg 150w, https:\/\/moversbyfue.com\/secciones\/wp-content\/uploads\/2026\/04\/Maria-Lluc-Fernandez-Heredero-1-300x300.jpg 300w, https:\/\/moversbyfue.com\/secciones\/wp-content\/uploads\/2026\/04\/Maria-Lluc-Fernandez-Heredero-1-350x350.jpg 350w, https:\/\/moversbyfue.com\/secciones\/wp-content\/uploads\/2026\/04\/Maria-Lluc-Fernandez-Heredero-1.jpg 400w\" sizes=\"(max-width: 150px) 100vw, 150px\" \/><\/div><\/div><div class=\"wpb_text_column \"><div class=\"wpb_wrapper\">\n<p style=\"text-align: center;\"><span style=\"font-size: small;\"><b><span style=\"color: #d42f43;\">MAR\u00cdA LLUC FERN\u00c1NDEZ HEREDERO<\/span><br \/>\n<\/b>Derecho<\/span><\/p>\n<\/div> <\/div> <\/div><\/div><\/div><\/div><\/div><\/section><section class=\"l-section wpb_row height_medium\"><div class=\"l-section-h i-cf\"><div class=\"g-cols type_default\"><div class=\"vc_col-sm-2 wpb_column vc_column_container\"><div class=\"vc_column-inner\"><div class=\"wpb_wrapper\"><div class=\"w-image align_center\"><div class=\"us-frame\"><img loading=\"lazy\" decoding=\"async\" width=\"150\" height=\"150\" src=\"https:\/\/moversbyfue.com\/secciones\/wp-content\/uploads\/2026\/04\/Maria-Fernanda-De-Aguiar-Silva-150x150.jpg\" class=\"attachment-thumbnail size-thumbnail\" alt=\"\" srcset=\"https:\/\/moversbyfue.com\/secciones\/wp-content\/uploads\/2026\/04\/Maria-Fernanda-De-Aguiar-Silva-150x150.jpg 150w, https:\/\/moversbyfue.com\/secciones\/wp-content\/uploads\/2026\/04\/Maria-Fernanda-De-Aguiar-Silva-300x300.jpg 300w, https:\/\/moversbyfue.com\/secciones\/wp-content\/uploads\/2026\/04\/Maria-Fernanda-De-Aguiar-Silva-350x350.jpg 350w, https:\/\/moversbyfue.com\/secciones\/wp-content\/uploads\/2026\/04\/Maria-Fernanda-De-Aguiar-Silva.jpg 400w\" sizes=\"(max-width: 150px) 100vw, 150px\" \/><\/div><\/div><div class=\"wpb_text_column \"><div class=\"wpb_wrapper\">\n<p style=\"text-align: center;\"><span style=\"font-size: small;\"><b><span style=\"color: #d42f43;\">MAR\u00cdA FERNANDA DE AGUIAR SILVA<\/span><br \/>\n<\/b>Marketing<\/span><\/p>\n<\/div> <\/div> <\/div><\/div><\/div><div class=\"vc_col-sm-2 wpb_column vc_column_container\"><div class=\"vc_column-inner\"><div class=\"wpb_wrapper\"><div class=\"w-image align_center\"><div class=\"us-frame\"><img loading=\"lazy\" decoding=\"async\" width=\"150\" height=\"150\" src=\"https:\/\/moversbyfue.com\/secciones\/wp-content\/uploads\/2026\/04\/Laura-Recuenco-Perez-150x150.jpg\" class=\"attachment-thumbnail size-thumbnail\" alt=\"\" srcset=\"https:\/\/moversbyfue.com\/secciones\/wp-content\/uploads\/2026\/04\/Laura-Recuenco-Perez-150x150.jpg 150w, https:\/\/moversbyfue.com\/secciones\/wp-content\/uploads\/2026\/04\/Laura-Recuenco-Perez-300x300.jpg 300w, https:\/\/moversbyfue.com\/secciones\/wp-content\/uploads\/2026\/04\/Laura-Recuenco-Perez-350x350.jpg 350w, https:\/\/moversbyfue.com\/secciones\/wp-content\/uploads\/2026\/04\/Laura-Recuenco-Perez.jpg 400w\" sizes=\"(max-width: 150px) 100vw, 150px\" \/><\/div><\/div><div class=\"wpb_text_column \"><div class=\"wpb_wrapper\">\n<p style=\"text-align: center;\"><span style=\"font-size: small;\"><b><span style=\"color: #d42f43;\">LAURA RECUENCO P\u00c9REZ<\/span><br \/>\n<\/b>Direcci\u00f3n y Creaci\u00f3n de Empresas<\/span><\/p>\n<\/div> <\/div> <\/div><\/div><\/div><div class=\"vc_col-sm-2 wpb_column vc_column_container\"><div class=\"vc_column-inner\"><div class=\"wpb_wrapper\"><div class=\"w-image align_center\"><div class=\"us-frame\"><img loading=\"lazy\" decoding=\"async\" width=\"150\" height=\"150\" src=\"https:\/\/moversbyfue.com\/secciones\/wp-content\/uploads\/2026\/04\/Laura-Martinez-Turrado-150x150.jpg\" class=\"attachment-thumbnail size-thumbnail\" alt=\"\" srcset=\"https:\/\/moversbyfue.com\/secciones\/wp-content\/uploads\/2026\/04\/Laura-Martinez-Turrado-150x150.jpg 150w, https:\/\/moversbyfue.com\/secciones\/wp-content\/uploads\/2026\/04\/Laura-Martinez-Turrado-300x300.jpg 300w, https:\/\/moversbyfue.com\/secciones\/wp-content\/uploads\/2026\/04\/Laura-Martinez-Turrado-350x350.jpg 350w, https:\/\/moversbyfue.com\/secciones\/wp-content\/uploads\/2026\/04\/Laura-Martinez-Turrado.jpg 400w\" sizes=\"(max-width: 150px) 100vw, 150px\" \/><\/div><\/div><div class=\"wpb_text_column \"><div class=\"wpb_wrapper\">\n<p style=\"text-align: center;\"><span style=\"font-size: small;\"><b><span style=\"color: #d42f43;\">LAURA MART\u00cdNEZ TURRADO<\/span><br \/>\n<\/b>Marketing<\/span><\/p>\n<\/div> <\/div> <\/div><\/div><\/div><div class=\"vc_col-sm-2 wpb_column vc_column_container\"><div class=\"vc_column-inner\"><div class=\"wpb_wrapper\"><div class=\"w-image align_center\"><div class=\"us-frame\"><img loading=\"lazy\" decoding=\"async\" width=\"150\" height=\"150\" src=\"https:\/\/moversbyfue.com\/secciones\/wp-content\/uploads\/2026\/04\/Julia-Gracia-Delgado-150x150.jpg\" class=\"attachment-thumbnail size-thumbnail\" alt=\"\" srcset=\"https:\/\/moversbyfue.com\/secciones\/wp-content\/uploads\/2026\/04\/Julia-Gracia-Delgado-150x150.jpg 150w, https:\/\/moversbyfue.com\/secciones\/wp-content\/uploads\/2026\/04\/Julia-Gracia-Delgado-300x300.jpg 300w, https:\/\/moversbyfue.com\/secciones\/wp-content\/uploads\/2026\/04\/Julia-Gracia-Delgado-350x350.jpg 350w, https:\/\/moversbyfue.com\/secciones\/wp-content\/uploads\/2026\/04\/Julia-Gracia-Delgado.jpg 400w\" sizes=\"(max-width: 150px) 100vw, 150px\" \/><\/div><\/div><div class=\"wpb_text_column \"><div class=\"wpb_wrapper\">\n<p style=\"text-align: center;\"><span style=\"font-size: small;\"><b><span style=\"color: #d42f43;\">J\u00daLIA GR\u00c0CIA DELGADO<\/span><br \/>\n<\/b>Bioqu\u00edmica<\/span><\/p>\n<\/div> <\/div> <\/div><\/div><\/div><div class=\"vc_col-sm-2 wpb_column vc_column_container\"><div class=\"vc_column-inner\"><div class=\"wpb_wrapper\"><div class=\"w-image align_center\"><div class=\"us-frame\"><img loading=\"lazy\" decoding=\"async\" width=\"150\" height=\"150\" src=\"https:\/\/moversbyfue.com\/secciones\/wp-content\/uploads\/2026\/04\/Jose-Maria-Villas-150x150.jpg\" class=\"attachment-thumbnail size-thumbnail\" alt=\"\" srcset=\"https:\/\/moversbyfue.com\/secciones\/wp-content\/uploads\/2026\/04\/Jose-Maria-Villas-150x150.jpg 150w, https:\/\/moversbyfue.com\/secciones\/wp-content\/uploads\/2026\/04\/Jose-Maria-Villas-300x300.jpg 300w, https:\/\/moversbyfue.com\/secciones\/wp-content\/uploads\/2026\/04\/Jose-Maria-Villas-350x350.jpg 350w, https:\/\/moversbyfue.com\/secciones\/wp-content\/uploads\/2026\/04\/Jose-Maria-Villas.jpg 400w\" sizes=\"(max-width: 150px) 100vw, 150px\" \/><\/div><\/div><div class=\"wpb_text_column \"><div class=\"wpb_wrapper\">\n<p style=\"text-align: center;\"><span style=\"font-size: small;\"><b><span style=\"color: #d42f43;\">JOS\u00c9 MAR\u00cdA VILLA<\/span><br \/>\n<\/b>Matematicas<\/span><\/p>\n<\/div> <\/div> <\/div><\/div><\/div><div class=\"vc_col-sm-2 wpb_column vc_column_container\"><div class=\"vc_column-inner\"><div class=\"wpb_wrapper\"><div class=\"w-image align_center\"><div class=\"us-frame\"><img loading=\"lazy\" decoding=\"async\" width=\"150\" height=\"150\" src=\"https:\/\/moversbyfue.com\/secciones\/wp-content\/uploads\/2026\/04\/Gerard-Alvarez-Ramon-150x150.jpg\" class=\"attachment-thumbnail size-thumbnail\" alt=\"\" srcset=\"https:\/\/moversbyfue.com\/secciones\/wp-content\/uploads\/2026\/04\/Gerard-Alvarez-Ramon-150x150.jpg 150w, https:\/\/moversbyfue.com\/secciones\/wp-content\/uploads\/2026\/04\/Gerard-Alvarez-Ramon-300x300.jpg 300w, https:\/\/moversbyfue.com\/secciones\/wp-content\/uploads\/2026\/04\/Gerard-Alvarez-Ramon-350x350.jpg 350w, https:\/\/moversbyfue.com\/secciones\/wp-content\/uploads\/2026\/04\/Gerard-Alvarez-Ramon.jpg 400w\" sizes=\"(max-width: 150px) 100vw, 150px\" \/><\/div><\/div><div class=\"wpb_text_column \"><div class=\"wpb_wrapper\">\n<p style=\"text-align: center;\"><span style=\"font-size: small;\"><b><span style=\"color: #d42f43;\">GERARD \u00c1LVAREZ RAMON<\/span><br \/>\n<\/b>Gesti\u00f3n de Empresas en Comercio y Distribuci\u00f3n<\/span><\/p>\n<\/div> <\/div> <\/div><\/div><\/div><\/div><\/div><\/section><section class=\"l-section wpb_row height_medium\"><div class=\"l-section-h i-cf\"><div class=\"g-cols type_default\"><div class=\"vc_col-sm-2 wpb_column vc_column_container\"><div class=\"vc_column-inner\"><div class=\"wpb_wrapper\"><div class=\"w-image align_center\"><div class=\"us-frame\"><img loading=\"lazy\" decoding=\"async\" width=\"150\" height=\"150\" src=\"https:\/\/moversbyfue.com\/secciones\/wp-content\/uploads\/2026\/04\/Francisco-Mira-Botella-150x150.jpg\" class=\"attachment-thumbnail size-thumbnail\" alt=\"\" srcset=\"https:\/\/moversbyfue.com\/secciones\/wp-content\/uploads\/2026\/04\/Francisco-Mira-Botella-150x150.jpg 150w, https:\/\/moversbyfue.com\/secciones\/wp-content\/uploads\/2026\/04\/Francisco-Mira-Botella-300x300.jpg 300w, https:\/\/moversbyfue.com\/secciones\/wp-content\/uploads\/2026\/04\/Francisco-Mira-Botella-350x350.jpg 350w, https:\/\/moversbyfue.com\/secciones\/wp-content\/uploads\/2026\/04\/Francisco-Mira-Botella.jpg 400w\" sizes=\"(max-width: 150px) 100vw, 150px\" \/><\/div><\/div><div class=\"wpb_text_column \"><div class=\"wpb_wrapper\">\n<p style=\"text-align: center;\"><span style=\"font-size: small;\"><b><span style=\"color: #d42f43;\">FRANCISCO MIRA BOTELLA<\/span><br \/>\n<\/b>Ingenier\u00eda Inform\u00e1tica<\/span><\/p>\n<\/div> <\/div> <\/div><\/div><\/div><div class=\"vc_col-sm-2 wpb_column vc_column_container\"><div class=\"vc_column-inner\"><div class=\"wpb_wrapper\"><div class=\"w-image align_center\"><div class=\"us-frame\"><img loading=\"lazy\" decoding=\"async\" width=\"150\" height=\"150\" src=\"https:\/\/moversbyfue.com\/secciones\/wp-content\/uploads\/2026\/04\/Diego-Delgado-Collado-150x150.jpg\" class=\"attachment-thumbnail size-thumbnail\" alt=\"\" srcset=\"https:\/\/moversbyfue.com\/secciones\/wp-content\/uploads\/2026\/04\/Diego-Delgado-Collado-150x150.jpg 150w, https:\/\/moversbyfue.com\/secciones\/wp-content\/uploads\/2026\/04\/Diego-Delgado-Collado-300x300.jpg 300w, https:\/\/moversbyfue.com\/secciones\/wp-content\/uploads\/2026\/04\/Diego-Delgado-Collado-350x350.jpg 350w, https:\/\/moversbyfue.com\/secciones\/wp-content\/uploads\/2026\/04\/Diego-Delgado-Collado.jpg 400w\" sizes=\"(max-width: 150px) 100vw, 150px\" \/><\/div><\/div><div class=\"wpb_text_column \"><div class=\"wpb_wrapper\">\n<p style=\"text-align: center;\"><span style=\"font-size: small;\"><b><span style=\"color: #d42f43;\">DIEGO DELGADO COLLADO<\/span><br \/>\n<\/b>Direcci\u00f3n y Creaci\u00f3n de Empresas<\/span><\/p>\n<\/div> <\/div> <\/div><\/div><\/div><div class=\"vc_col-sm-2 wpb_column vc_column_container\"><div class=\"vc_column-inner\"><div class=\"wpb_wrapper\"><div class=\"w-image align_center\"><div class=\"us-frame\"><img loading=\"lazy\" decoding=\"async\" width=\"150\" height=\"150\" src=\"https:\/\/moversbyfue.com\/secciones\/wp-content\/uploads\/2026\/04\/Andrea-Garcia-Sanchez-150x150.jpg\" class=\"attachment-thumbnail size-thumbnail\" alt=\"\" srcset=\"https:\/\/moversbyfue.com\/secciones\/wp-content\/uploads\/2026\/04\/Andrea-Garcia-Sanchez-150x150.jpg 150w, https:\/\/moversbyfue.com\/secciones\/wp-content\/uploads\/2026\/04\/Andrea-Garcia-Sanchez-300x300.jpg 300w, https:\/\/moversbyfue.com\/secciones\/wp-content\/uploads\/2026\/04\/Andrea-Garcia-Sanchez-350x350.jpg 350w, https:\/\/moversbyfue.com\/secciones\/wp-content\/uploads\/2026\/04\/Andrea-Garcia-Sanchez.jpg 400w\" sizes=\"(max-width: 150px) 100vw, 150px\" \/><\/div><\/div><div class=\"wpb_text_column \"><div class=\"wpb_wrapper\">\n<p style=\"text-align: center;\"><span style=\"font-size: small;\"><b><span style=\"color: #d42f43;\">ANDREA GARC\u00cdA S\u00c1NCHEZ<\/span><br \/>\n<\/b>Direcci\u00f3n y Creaci\u00f3n de Empresas<\/span><\/p>\n<\/div> <\/div> <\/div><\/div><\/div><div class=\"vc_col-sm-2 wpb_column vc_column_container\"><div class=\"vc_column-inner\"><div class=\"wpb_wrapper\"><div class=\"w-image align_center\"><div class=\"us-frame\"><img loading=\"lazy\" decoding=\"async\" width=\"150\" height=\"150\" src=\"https:\/\/moversbyfue.com\/secciones\/wp-content\/uploads\/2026\/04\/Adrian-Marquez-Garcia-150x150.jpg\" class=\"attachment-thumbnail size-thumbnail\" alt=\"\" srcset=\"https:\/\/moversbyfue.com\/secciones\/wp-content\/uploads\/2026\/04\/Adrian-Marquez-Garcia-150x150.jpg 150w, https:\/\/moversbyfue.com\/secciones\/wp-content\/uploads\/2026\/04\/Adrian-Marquez-Garcia-300x300.jpg 300w, https:\/\/moversbyfue.com\/secciones\/wp-content\/uploads\/2026\/04\/Adrian-Marquez-Garcia-350x350.jpg 350w, https:\/\/moversbyfue.com\/secciones\/wp-content\/uploads\/2026\/04\/Adrian-Marquez-Garcia.jpg 400w\" sizes=\"(max-width: 150px) 100vw, 150px\" \/><\/div><\/div><div class=\"wpb_text_column \"><div class=\"wpb_wrapper\">\n<p style=\"text-align: center;\"><span style=\"font-size: small;\"><b><span style=\"color: #d42f43;\">ADRI\u00c1N M\u00c1RQUEZ GARC\u00cdA<\/span><br \/>\n<\/b>Dise\u00f1o Industrial y Desarrollo de Producto<\/span><\/p>\n<\/div> <\/div> <\/div><\/div><\/div><div class=\"vc_col-sm-2 wpb_column vc_column_container\"><div class=\"vc_column-inner\"><div class=\"wpb_wrapper\"><\/div><\/div><\/div><div class=\"vc_col-sm-2 wpb_column vc_column_container\"><div class=\"vc_column-inner\"><div class=\"wpb_wrapper\"><\/div><\/div><\/div><\/div><\/div><\/section>\n","protected":false},"excerpt":{"rendered":"PROGRAMA \u00abC4T CALL FOR TALENT\u00bb NOVENA EDICI\u00d3N En esta 9\u00aa edici\u00f3n, nuestros Movers by FUE visitar\u00e1n EEUU. Puedes ver todo el proceso a trav\u00e9s de nuestras redes...","protected":false},"author":2,"featured_media":0,"parent":0,"menu_order":0,"comment_status":"closed","ping_status":"closed","template":"","meta":{"footnotes":""},"_links":{"self":[{"href":"https:\/\/moversbyfue.com\/secciones\/wp-json\/wp\/v2\/pages\/7591"}],"collection":[{"href":"https:\/\/moversbyfue.com\/secciones\/wp-json\/wp\/v2\/pages"}],"about":[{"href":"https:\/\/moversbyfue.com\/secciones\/wp-json\/wp\/v2\/types\/page"}],"author":[{"embeddable":true,"href":"https:\/\/moversbyfue.com\/secciones\/wp-json\/wp\/v2\/users\/2"}],"replies":[{"embeddable":true,"href":"https:\/\/moversbyfue.com\/secciones\/wp-json\/wp\/v2\/comments?post=7591"}],"version-history":[{"count":3,"href":"https:\/\/moversbyfue.com\/secciones\/wp-json\/wp\/v2\/pages\/7591\/revisions"}],"predecessor-version":[{"id":7600,"href":"https:\/\/moversbyfue.com\/secciones\/wp-json\/wp\/v2\/pages\/7591\/revisions\/7600"}],"wp:attachment":[{"href":"https:\/\/moversbyfue.com\/secciones\/wp-json\/wp\/v2\/media?parent=7591"}],"curies":[{"name":"wp","href":"https:\/\/api.w.org\/{rel}","templated":true}]}}