{"id":7079,"date":"2024-08-07T11:12:14","date_gmt":"2024-08-07T09:12:14","guid":{"rendered":"https:\/\/moversbyfue.com\/secciones\/?page_id=7079"},"modified":"2024-08-07T12:31:23","modified_gmt":"2024-08-07T10:31:23","slug":"septima-edicion","status":"publish","type":"page","link":"https:\/\/moversbyfue.com\/secciones\/septima-edicion\/","title":{"rendered":"S\u00e9ptima Edici\u00f3n"},"content":{"rendered":"<section class=\"l-section wpb_row height_medium\"><div class=\"l-section-h i-cf\"><div class=\"g-cols type_default\"><div class=\"vc_col-sm-12 wpb_column vc_column_container\"><div class=\"vc_column-inner\"><div class=\"wpb_wrapper\"><div class=\"wpb_text_column \"><div class=\"wpb_wrapper\">\n<div class=\"wpb_wrapper\">\n<h2 style=\"text-align: center;\"><strong><span style=\"color: #d42f43;\">PROGRAMA \u00abC4T CALL FOR TALENT\u00bb<\/span><\/strong><\/h2>\n<p style=\"text-align: center;\"><span class=\"textoblanco18\"><span style=\"color: #333333; font-size: large;\">S\u00c9PTIMA EDICI\u00d3N<\/span><\/span><\/p>\n<\/div>\n<\/div> <\/div> [vc_empty_space height=\u00bb30px\u00bb]<div class=\"g-cols wpb_row type_default vc_inner \"><div class=\"vc_col-sm-6 wpb_column vc_column_container\"><div class=\"vc_column-inner\"><div class=\"wpb_wrapper\"><div class=\"wpb_text_column \"><div class=\"wpb_wrapper\"><p>Durante esta s\u00e9ptima edici\u00f3n del programa Movers by FUE, nuestros movers han visitado EEUU. Este programa, en colaboraci\u00f3n con la Fundaci\u00f3n Rafael del Pino y y la Asociaci\u00f3n de Becarios de Excelencia Rafael del Pino para su programa \u201cC4t Call for talent\u201dest\u00e1 dirigido a j\u00f3venes universitarios y reci\u00e9n graduados, brind\u00e1ndoles formaci\u00f3n y experiencia profesional para facilitar su inserci\u00f3n laboral.<\/p><\/div> <\/div> <\/div><\/div><\/div><div class=\"vc_col-sm-6 wpb_column vc_column_container\"><div class=\"vc_column-inner\"><div class=\"wpb_wrapper\"><div class=\"wpb_text_column \"><div class=\"wpb_wrapper\">\n<p>Desde la Fundaci\u00f3n Universidad-Empresa (FUE) organizamos el programa, que incluye talleres, mentor\u00edas y pr\u00e1cticas en empresas colaboradoras. El objetivo es potenciar las habilidades y competencias de los participantes, prepar\u00e1ndolos para enfrentar los desaf\u00edos del mercado laboral actual. En esta ocaci\u00f3n, nuestros movers han visitado Boston y NY incluyendo visitas a #Microsoft, #MIT, #Harvard y m\u00e1s. No te pierdas el video resumen en este <a href=\"https:\/\/youtu.be\/EjG4jGGTO_Y?si=XchJvYCnBFil0wrb\" target=\"_blank\" rel=\"noopener\"> enlace <\/a><\/p>\n<\/div> <\/div> <\/div><\/div><\/div><\/div>[vc_empty_space height=\u00bb30px\u00bb]<\/div><\/div><\/div><\/div><\/div><\/section><!-- Row Backgrounds --><div class=\"upb_bg_img\" data-ultimate-bg=\"url(https:\/\/moversbyfue.com\/secciones\/wp-content\/uploads\/2013\/05\/BACKGROUND3_opaci.png)\" data-image-id=\"id^6186|url^https:\/\/moversbyfue.com\/secciones\/wp-content\/uploads\/2013\/05\/BACKGROUND3_opaci.png|caption^null|alt^fondo movers by fue|title^fondo movers by fue|description^null\" data-ultimate-bg-style=\"vcpb-default\" data-bg-img-repeat=\"repeat\" data-bg-img-size=\"cover\" data-bg-img-position=\"\" data-parallx_sense=\"30\" data-bg-override=\"0\" data-bg_img_attach=\"scroll\" data-upb-overlay-color=\"\" data-upb-bg-animation=\"\" data-fadeout=\"\" data-bg-animation=\"left-animation\" data-bg-animation-type=\"h\" data-animation-repeat=\"repeat\" data-fadeout-percentage=\"30\" data-parallax-content=\"\" data-parallax-content-sense=\"30\" data-row-effect-mobile-disable=\"true\" data-img-parallax-mobile-disable=\"true\" data-rtl=\"false\"  data-custom-vc-row=\"\"  data-vc=\"5.0.1\"  data-is_old_vc=\"\"  data-theme-support=\"\"   data-overlay=\"false\" data-overlay-color=\"\" data-overlay-pattern=\"\" data-overlay-pattern-opacity=\"\" data-overlay-pattern-size=\"\"    ><\/div><section class=\"l-section wpb_row height_medium\"><div class=\"l-section-h i-cf\"><div class=\"g-cols type_default\"><div class=\"vc_col-sm-12 wpb_column vc_column_container\"><div class=\"vc_column-inner\"><div class=\"wpb_wrapper\">[vc_empty_space height=\u00bb30px\u00bb]<div class=\"wpb_text_column \"><div class=\"wpb_wrapper\">\n<div class=\"wpb_wrapper\">\n<h2 style=\"text-align: center;\"><strong><span style=\"color: #d42f43;\">ALUMNOS<\/span><br \/>\n<\/strong><\/h2>\n<\/div>\n<\/div> <\/div> <div class=\"g-cols wpb_row type_default vc_inner \"><div class=\"vc_col-sm-2 wpb_column vc_column_container\"><div class=\"vc_column-inner\"><div class=\"wpb_wrapper\"><div class=\"w-image\"><div class=\"us-frame\"><img loading=\"lazy\" decoding=\"async\" width=\"174\" height=\"117\" src=\"https:\/\/moversbyfue.com\/secciones\/wp-content\/uploads\/2024\/08\/Alejandro-Blazquez-Camacho-MOVERS07.jpg\" class=\"attachment-full size-full\" alt=\"\" \/><\/div><\/div><div class=\"wpb_text_column \"><div class=\"wpb_wrapper\">\n<div class=\"wpb_wrapper\">\n<p style=\"text-align: center;\"><span style=\"font-size: small;\"><b><span style=\"color: #d42f43;\">ALEJANDRO BL\u00c1ZQUEZ CAMACHO<\/span><br \/>\n<\/b>Business Administration &amp; Marketing<\/span><\/p>\n<\/div>\n<\/div> <\/div> <\/div><\/div><\/div><div class=\"vc_col-sm-2 wpb_column vc_column_container\"><div class=\"vc_column-inner\"><div class=\"wpb_wrapper\"><div class=\"w-image\"><div class=\"us-frame\"><img loading=\"lazy\" decoding=\"async\" width=\"174\" height=\"117\" src=\"https:\/\/moversbyfue.com\/secciones\/wp-content\/uploads\/2024\/08\/Andres-Vazquez-Biezma-MOVERS07.jpg\" class=\"attachment-full size-full\" alt=\"\" \/><\/div><\/div><div class=\"wpb_text_column \"><div class=\"wpb_wrapper\">\n<div class=\"wpb_wrapper\">\n<p style=\"text-align: center;\"><span style=\"font-size: small;\"><b><span style=\"color: #d42f43;\">ANDR\u00c9S V\u00c1ZQUEZ BIEZMA<\/span><br \/>\n<\/b>Farmacia<\/span><\/p>\n<\/div>\n<\/div> <\/div> <\/div><\/div><\/div><div class=\"vc_col-sm-2 wpb_column vc_column_container\"><div class=\"vc_column-inner\"><div class=\"wpb_wrapper\"><div class=\"w-image\"><div class=\"us-frame\"><img loading=\"lazy\" decoding=\"async\" width=\"174\" height=\"117\" src=\"https:\/\/moversbyfue.com\/secciones\/wp-content\/uploads\/2024\/08\/Antonio-Lopez-Gabaldon-MOVERS07.jpg\" class=\"attachment-full size-full\" alt=\"\" \/><\/div><\/div><div class=\"wpb_text_column \"><div class=\"wpb_wrapper\">\n<div class=\"wpb_wrapper\">\n<p style=\"text-align: center;\"><span style=\"font-size: small;\"><b><span style=\"color: #d42f43;\">ANTONIO L\u00d3PEZ GABALD\u00d3N<\/span><br \/>\n<\/b>Periodismo<\/span><\/p>\n<\/div>\n<\/div> <\/div> <\/div><\/div><\/div><div class=\"vc_col-sm-2 wpb_column vc_column_container\"><div class=\"vc_column-inner\"><div class=\"wpb_wrapper\"><div class=\"w-image\"><div class=\"us-frame\"><img loading=\"lazy\" decoding=\"async\" width=\"174\" height=\"117\" src=\"https:\/\/moversbyfue.com\/secciones\/wp-content\/uploads\/2024\/08\/Camila-Cuetos-Gallegos-MOVERS07.jpg\" class=\"attachment-full size-full\" alt=\"\" \/><\/div><\/div><div class=\"wpb_text_column \"><div class=\"wpb_wrapper\">\n<div class=\"wpb_wrapper\">\n<p style=\"text-align: center;\"><span style=\"font-size: small;\"><b><span style=\"color: #d42f43;\">CAMILA CUETOS GALLEGOS<\/span><br \/>\n<\/b>Comunicaci\u00f3n<\/span><\/p>\n<\/div>\n<\/div> <\/div> <\/div><\/div><\/div><div class=\"vc_col-sm-2 wpb_column vc_column_container\"><div class=\"vc_column-inner\"><div class=\"wpb_wrapper\"><div class=\"w-image\"><div class=\"us-frame\"><img loading=\"lazy\" decoding=\"async\" width=\"174\" height=\"117\" src=\"https:\/\/moversbyfue.com\/secciones\/wp-content\/uploads\/2024\/08\/Daniel-Ontanon-del-Rio-MOVERS07.jpg\" class=\"attachment-full size-full\" alt=\"\" \/><\/div><\/div><div class=\"wpb_text_column \"><div class=\"wpb_wrapper\">\n<div class=\"wpb_wrapper\">\n<p style=\"text-align: center;\"><span style=\"font-size: small;\"><b><span style=\"color: #d42f43;\">DANIEL ONTA\u00d1\u00d3N DEL R\u00cdO<\/span><br \/>\n<\/b>Auditor\u00eda de Cuentas y Contabilidad Superior<\/span><\/p>\n<\/div>\n<\/div> <\/div> <\/div><\/div><\/div><div class=\"vc_col-sm-2 wpb_column vc_column_container\"><div class=\"vc_column-inner\"><div class=\"wpb_wrapper\"><div class=\"w-image\"><div class=\"us-frame\"><img loading=\"lazy\" decoding=\"async\" width=\"174\" height=\"117\" src=\"https:\/\/moversbyfue.com\/secciones\/wp-content\/uploads\/2024\/08\/Freddy-Jara-Flores-MOVERS07.jpg\" class=\"attachment-full size-full\" alt=\"\" \/><\/div><\/div><div class=\"wpb_text_column \"><div class=\"wpb_wrapper\">\n<div class=\"wpb_wrapper\">\n<p style=\"text-align: center;\"><span style=\"font-size: small;\"><b><span style=\"color: #d42f43;\">FREDDY JARA FLORES<\/span><br \/>\n<\/b>Business Management<\/span><\/p>\n<\/div>\n<\/div> <\/div> <\/div><\/div><\/div><\/div>[vc_empty_space height=\u00bb30px\u00bb][vc_empty_space height=\u00bb30px\u00bb]<div class=\"g-cols wpb_row type_default vc_inner \"><div class=\"vc_col-sm-2 wpb_column vc_column_container\"><div class=\"vc_column-inner\"><div class=\"wpb_wrapper\"><div class=\"w-image\"><div class=\"us-frame\"><img loading=\"lazy\" decoding=\"async\" width=\"174\" height=\"117\" src=\"https:\/\/moversbyfue.com\/secciones\/wp-content\/uploads\/2024\/08\/Gonzalo-Perez-Alonso-MOVERS07.jpg\" class=\"attachment-full size-full\" alt=\"\" \/><\/div><\/div><div class=\"wpb_text_column \"><div class=\"wpb_wrapper\">\n<div class=\"wpb_wrapper\">\n<p style=\"text-align: center;\"><span style=\"font-size: small;\"><b><span style=\"color: #d42f43;\">GONZALO P\u00c9REZ ALONSO<\/span><br \/>\n<\/b>Derecho y Direcci\u00f3n y Creaci\u00f3n de Empresas<\/span><\/p>\n<\/div>\n<\/div> <\/div> <\/div><\/div><\/div><div class=\"vc_col-sm-2 wpb_column vc_column_container\"><div class=\"vc_column-inner\"><div class=\"wpb_wrapper\"><div class=\"w-image\"><div class=\"us-frame\"><img loading=\"lazy\" decoding=\"async\" width=\"174\" height=\"117\" src=\"https:\/\/moversbyfue.com\/secciones\/wp-content\/uploads\/2024\/08\/Guillermo-Baena-MOVERS07.jpg\" class=\"attachment-full size-full\" alt=\"\" \/><\/div><\/div><div class=\"wpb_text_column \"><div class=\"wpb_wrapper\">\n<div class=\"wpb_wrapper\">\n<p style=\"text-align: center;\"><span style=\"font-size: small;\"><b><span style=\"color: #d42f43;\">GUILLERMO BAENA CARRI\u00d3N<\/span><br \/>\n<\/b>Qu\u00edmica<\/span><\/p>\n<\/div>\n<\/div> <\/div> <\/div><\/div><\/div><div class=\"vc_col-sm-2 wpb_column vc_column_container\"><div class=\"vc_column-inner\"><div class=\"wpb_wrapper\"><div class=\"w-image\"><div class=\"us-frame\"><img loading=\"lazy\" decoding=\"async\" width=\"174\" height=\"117\" src=\"https:\/\/moversbyfue.com\/secciones\/wp-content\/uploads\/2024\/08\/Irene-Herranz-MOVERS07.jpg\" class=\"attachment-full size-full\" alt=\"\" \/><\/div><\/div><div class=\"wpb_text_column \"><div class=\"wpb_wrapper\">\n<div class=\"wpb_wrapper\">\n<p style=\"text-align: center;\"><span style=\"font-size: small;\"><b><span style=\"color: #d42f43;\">IRENE HERRANZ POUS<\/span><br \/>\n<\/b>Relaciones Internacionales<\/span><\/p>\n<\/div>\n<\/div> <\/div> <\/div><\/div><\/div><div class=\"vc_col-sm-2 wpb_column vc_column_container\"><div class=\"vc_column-inner\"><div class=\"wpb_wrapper\"><div class=\"w-image\"><div class=\"us-frame\"><img loading=\"lazy\" decoding=\"async\" width=\"174\" height=\"117\" src=\"https:\/\/moversbyfue.com\/secciones\/wp-content\/uploads\/2024\/08\/Jennifer-Dragomir-Petria-MOVERS07.jpg\" class=\"attachment-full size-full\" alt=\"\" \/><\/div><\/div><div class=\"wpb_text_column \"><div class=\"wpb_wrapper\">\n<div class=\"wpb_wrapper\">\n<p style=\"text-align: center;\"><span style=\"font-size: small;\"><b><span style=\"color: #d42f43;\">JENNIFER DRAGOMIR PETRIA<\/span><br \/>\n<\/b>Ciencia, Gesti\u00f3n e Ingenier\u00eda de Servicios<\/span><\/p>\n<\/div>\n<\/div> <\/div> <\/div><\/div><\/div><div class=\"vc_col-sm-2 wpb_column vc_column_container\"><div class=\"vc_column-inner\"><div class=\"wpb_wrapper\"><div class=\"w-image\"><div class=\"us-frame\"><img loading=\"lazy\" decoding=\"async\" width=\"174\" height=\"117\" src=\"https:\/\/moversbyfue.com\/secciones\/wp-content\/uploads\/2024\/08\/Jose-Miguel-Duran-Gutierrez-MOVERS07.jpg\" class=\"attachment-full size-full\" alt=\"\" \/><\/div><\/div><div class=\"wpb_text_column \"><div class=\"wpb_wrapper\">\n<div class=\"wpb_wrapper\">\n<p style=\"text-align: center;\"><span style=\"font-size: small;\"><b><span style=\"color: #d42f43;\">JOS\u00c9 MIGUEL DUR\u00c1N GUTI\u00c9RREZ<\/span><br \/>\n<\/b>Psicolog\u00eda<\/span><\/p>\n<\/div>\n<\/div> <\/div> <\/div><\/div><\/div><div class=\"vc_col-sm-2 wpb_column vc_column_container\"><div class=\"vc_column-inner\"><div class=\"wpb_wrapper\"><div class=\"w-image\"><div class=\"us-frame\"><img loading=\"lazy\" decoding=\"async\" width=\"174\" height=\"117\" src=\"https:\/\/moversbyfue.com\/secciones\/wp-content\/uploads\/2024\/08\/Maria-Isabel-Sanchez-Pico-MOVERS07.jpg\" class=\"attachment-full size-full\" alt=\"\" \/><\/div><\/div><div class=\"wpb_text_column \"><div class=\"wpb_wrapper\">\n<div class=\"wpb_wrapper\">\n<p style=\"text-align: center;\"><span style=\"font-size: small;\"><b><span style=\"color: #d42f43;\">MAR\u00cdA ISABEL S\u00c1NCHEZ PIC\u00d3<\/span><br \/>\n<\/b>Derecho y Abogac\u00eda Internacional<\/span><\/p>\n<\/div>\n<\/div> <\/div> <\/div><\/div><\/div><\/div>[vc_empty_space height=\u00bb30px\u00bb][vc_empty_space height=\u00bb30px\u00bb]<div class=\"g-cols wpb_row type_default vc_inner \"><div class=\"vc_col-sm-2 wpb_column vc_column_container\"><div class=\"vc_column-inner\"><div class=\"wpb_wrapper\"><div class=\"w-image\"><div class=\"us-frame\"><img loading=\"lazy\" decoding=\"async\" width=\"174\" height=\"117\" src=\"https:\/\/moversbyfue.com\/secciones\/wp-content\/uploads\/2024\/08\/Maria-Isabel-Sanchez-Sanchez-MOVERS07.jpg\" class=\"attachment-full size-full\" alt=\"\" \/><\/div><\/div><div class=\"wpb_text_column \"><div class=\"wpb_wrapper\">\n<div class=\"wpb_wrapper\">\n<p style=\"text-align: center;\"><span style=\"font-size: small;\"><b><span style=\"color: #d42f43;\">MAR\u00cdA ISABEL S\u00c1NCHEZ S\u00c1NCHEZ<\/span><br \/>\n<\/b>Ingenier\u00eda en Tecnolog\u00edas de la Telecomunicaci\u00f3n<\/span><\/p>\n<\/div>\n<\/div> <\/div> <\/div><\/div><\/div><div class=\"vc_col-sm-2 wpb_column vc_column_container\"><div class=\"vc_column-inner\"><div class=\"wpb_wrapper\"><div class=\"w-image\"><div class=\"us-frame\"><img loading=\"lazy\" decoding=\"async\" width=\"174\" height=\"117\" src=\"https:\/\/moversbyfue.com\/secciones\/wp-content\/uploads\/2024\/08\/Noelia-Hernandez-Perez-MOVERS07.jpg\" class=\"attachment-full size-full\" alt=\"\" \/><\/div><\/div><div class=\"wpb_text_column \"><div class=\"wpb_wrapper\">\n<div class=\"wpb_wrapper\">\n<p style=\"text-align: center;\"><span style=\"font-size: small;\"><b><span style=\"color: #d42f43;\">NOELIA HERN\u00c1NDEZ P\u00c9REZ<\/span><br \/>\n<\/b>Ingenier\u00eda El\u00e9ctrica<\/span><\/p>\n<\/div>\n<\/div> <\/div> <\/div><\/div><\/div><div class=\"vc_col-sm-2 wpb_column vc_column_container\"><div class=\"vc_column-inner\"><div class=\"wpb_wrapper\"><div class=\"w-image\"><div class=\"us-frame\"><img loading=\"lazy\" decoding=\"async\" width=\"174\" height=\"117\" src=\"https:\/\/moversbyfue.com\/secciones\/wp-content\/uploads\/2024\/08\/Paula-Seoane-Rodeiro-MOVERS07.jpg\" class=\"attachment-full size-full\" alt=\"\" \/><\/div><\/div><div class=\"wpb_text_column \"><div class=\"wpb_wrapper\">\n<div class=\"wpb_wrapper\">\n<p style=\"text-align: center;\"><span style=\"font-size: small;\"><b><span style=\"color: #d42f43;\">PAULA SEOANE RODEIRO<\/span><br \/>\n<\/b>ADE<\/span><\/p>\n<\/div>\n<\/div> <\/div> <\/div><\/div><\/div><div class=\"vc_col-sm-2 wpb_column vc_column_container\"><div class=\"vc_column-inner\"><div class=\"wpb_wrapper\"><div class=\"w-image\"><div class=\"us-frame\"><img loading=\"lazy\" decoding=\"async\" width=\"174\" height=\"117\" src=\"https:\/\/moversbyfue.com\/secciones\/wp-content\/uploads\/2024\/08\/Paula-Terrazas-Martinez-MOVERS07.jpg\" class=\"attachment-full size-full\" alt=\"\" \/><\/div><\/div><div class=\"wpb_text_column \"><div class=\"wpb_wrapper\">\n<div class=\"wpb_wrapper\">\n<p style=\"text-align: center;\"><span style=\"font-size: small;\"><b><span style=\"color: #d42f43;\">PAULA TERRAZA MART\u00cdNEZ<\/span><br \/>\n<\/b>Biotecnolog\u00eda y Farmacia<\/span><\/p>\n<\/div>\n<\/div> <\/div> <\/div><\/div><\/div><div class=\"vc_col-sm-2 wpb_column vc_column_container\"><div class=\"vc_column-inner\"><div class=\"wpb_wrapper\"><\/div><\/div><\/div><div class=\"vc_col-sm-2 wpb_column vc_column_container\"><div class=\"vc_column-inner\"><div class=\"wpb_wrapper\"><\/div><\/div><\/div><\/div>[vc_empty_space height=\u00bb10px\u00bb]<\/div><\/div><\/div><\/div><\/div><\/section><!-- Row Backgrounds --><div class=\"upb_color\" data-bg-override=\"0\" data-bg-color=\"#f4f4f4\" data-fadeout=\"\" data-fadeout-percentage=\"30\" data-parallax-content=\"\" data-parallax-content-sense=\"30\" data-row-effect-mobile-disable=\"true\" data-img-parallax-mobile-disable=\"true\" data-rtl=\"false\"  data-custom-vc-row=\"\"  data-vc=\"5.0.1\"  data-is_old_vc=\"\"  data-theme-support=\"\"   data-overlay=\"false\" data-overlay-color=\"\" data-overlay-pattern=\"\" data-overlay-pattern-opacity=\"\" data-overlay-pattern-size=\"\"    ><\/div>\n","protected":false},"excerpt":{"rendered":"PROGRAMA \u00abC4T CALL FOR TALENT\u00bb S\u00c9PTIMA EDICI\u00d3N [vc_empty_space height=\"30px\"]Durante esta s\u00e9ptima edici\u00f3n del programa Movers by FUE, nuestros movers han visitado EEUU. Este programa, en colaboraci\u00f3n con...","protected":false},"author":2,"featured_media":0,"parent":0,"menu_order":0,"comment_status":"closed","ping_status":"closed","template":"","meta":{"footnotes":""},"_links":{"self":[{"href":"https:\/\/moversbyfue.com\/secciones\/wp-json\/wp\/v2\/pages\/7079"}],"collection":[{"href":"https:\/\/moversbyfue.com\/secciones\/wp-json\/wp\/v2\/pages"}],"about":[{"href":"https:\/\/moversbyfue.com\/secciones\/wp-json\/wp\/v2\/types\/page"}],"author":[{"embeddable":true,"href":"https:\/\/moversbyfue.com\/secciones\/wp-json\/wp\/v2\/users\/2"}],"replies":[{"embeddable":true,"href":"https:\/\/moversbyfue.com\/secciones\/wp-json\/wp\/v2\/comments?post=7079"}],"version-history":[{"count":25,"href":"https:\/\/moversbyfue.com\/secciones\/wp-json\/wp\/v2\/pages\/7079\/revisions"}],"predecessor-version":[{"id":7118,"href":"https:\/\/moversbyfue.com\/secciones\/wp-json\/wp\/v2\/pages\/7079\/revisions\/7118"}],"wp:attachment":[{"href":"https:\/\/moversbyfue.com\/secciones\/wp-json\/wp\/v2\/media?parent=7079"}],"curies":[{"name":"wp","href":"https:\/\/api.w.org\/{rel}","templated":true}]}}