{"id":6823,"date":"2019-06-24T10:54:38","date_gmt":"2019-06-24T08:54:38","guid":{"rendered":"http:\/\/www.moversbyfue.com\/secciones\/?page_id=6823"},"modified":"2019-06-24T10:57:14","modified_gmt":"2019-06-24T08:57:14","slug":"sexta-edicion","status":"publish","type":"page","link":"https:\/\/moversbyfue.com\/secciones\/sexta-edicion\/","title":{"rendered":"Sexta Edici\u00f3n"},"content":{"rendered":"<section class=\"l-section wpb_row height_medium\"><div class=\"l-section-h i-cf\"><div class=\"g-cols type_default\"><div class=\"vc_col-sm-12 wpb_column vc_column_container\"><div class=\"vc_column-inner\"><div class=\"wpb_wrapper\"><div class=\"wpb_text_column \"><div class=\"wpb_wrapper\">\n<h2 style=\"text-align: center;\"><strong><span style=\"color: #d42f43;\">PROGRAMA \u00abC4T CALL FOR TALENT\u00bb<\/span><br \/>\n<\/strong><\/h2>\n<p style=\"text-align: center;\"><span class=\"textoblanco18\"><span style=\"color: #333333; font-size: large;\">SEXTA\u00a0EDICI\u00d3N<\/span><\/span><\/p>\n<\/div> <\/div> [vc_empty_space height=\u00bb30px\u00bb]<div class=\"g-cols wpb_row type_default vc_inner \"><div class=\"vc_col-sm-6 wpb_column vc_column_container\"><div class=\"vc_column-inner\"><div class=\"wpb_wrapper\"><div class=\"wpb_text_column \"><div class=\"wpb_wrapper\">\n<p style=\"font-weight: 400;\">Para esta sexta edici\u00f3n la Fundaci\u00f3n Universidad-Empresa vuelve a colaborar con la Fundaci\u00f3n Rafael del Pino y la Asociaci\u00f3n de Becarios de Excelencia Rafael del Pino para su programa \u201cC4t Call for talent\u201d: un programa experiencial basado en liderazgo, innovaci\u00f3n y emprendimiento que llevar\u00e1 a los seleccionados hasta Londres, Boston y Nueva York.<\/p>\n<p style=\"font-weight: 400;\">Nuestros Movers tendr\u00e1n la oportunidad de visitar las instituciones educativas m\u00e1s prestigiosas del mundo, como The London School of Economics, Massachusetts Institute of Technology o la Universidad de Harvard.<\/p>\n<\/div> <\/div> <\/div><\/div><\/div><div class=\"vc_col-sm-6 wpb_column vc_column_container\"><div class=\"vc_column-inner\"><div class=\"wpb_wrapper\"><div class=\"wpb_text_column \"><div class=\"wpb_wrapper\">\n<p style=\"font-weight: 400;\">Adem\u00e1s, tambi\u00e9n conocer\u00e1n de primera mano las instalaciones de grandes compa\u00f1\u00edas multinacionales como Morgan Stanley, Solaria Labs y las oficinas de WeWork en Nueva York.<\/p>\n<p style=\"font-weight: 400;\">De esta manera ofrecimos a nuestros estudiantes herramientas necesarias para continuar su crecimiento, tanto a nivel personal como profesional. \u00a1Para que los Movers sigan moviendo el mundo!<\/p>\n<\/div> <\/div> <\/div><\/div><\/div><\/div>[vc_empty_space height=\u00bb30px\u00bb]<\/div><\/div><\/div><\/div><\/div><\/section><!-- Row Backgrounds --><div class=\"upb_bg_img\" data-ultimate-bg=\"url(https:\/\/moversbyfue.com\/secciones\/wp-content\/uploads\/2013\/05\/BACKGROUND3_opaci.png)\" data-image-id=\"id^6186|url^http:\/\/www.moversbyfue.com\/wp-content\/uploads\/2013\/05\/BACKGROUND3_opaci.png|caption^null|alt^null|title^background3_opaci|description^null\" data-ultimate-bg-style=\"vcpb-default\" data-bg-img-repeat=\"repeat\" data-bg-img-size=\"cover\" data-bg-img-position=\"\" data-parallx_sense=\"30\" data-bg-override=\"0\" data-bg_img_attach=\"scroll\" data-upb-overlay-color=\"\" data-upb-bg-animation=\"\" data-fadeout=\"\" data-bg-animation=\"left-animation\" data-bg-animation-type=\"h\" data-animation-repeat=\"repeat\" data-fadeout-percentage=\"30\" data-parallax-content=\"\" data-parallax-content-sense=\"30\" data-row-effect-mobile-disable=\"true\" data-img-parallax-mobile-disable=\"true\" data-rtl=\"false\"  data-custom-vc-row=\"\"  data-vc=\"5.0.1\"  data-is_old_vc=\"\"  data-theme-support=\"\"   data-overlay=\"false\" data-overlay-color=\"\" data-overlay-pattern=\"\" data-overlay-pattern-opacity=\"\" data-overlay-pattern-size=\"\"    ><\/div><section class=\"l-section wpb_row height_medium\"><div class=\"l-section-h i-cf\"><div class=\"g-cols type_default\"><div class=\"vc_col-sm-12 wpb_column vc_column_container\"><div class=\"vc_column-inner\"><div class=\"wpb_wrapper\">[vc_empty_space height=\u00bb30px\u00bb]<div class=\"wpb_text_column \"><div class=\"wpb_wrapper\">\n<h2 style=\"text-align: center;\"><strong><span style=\"color: #d42f43;\">ALUMNOS<\/span><br \/>\n<\/strong><\/h2>\n<\/div> <\/div> <div class=\"g-cols wpb_row type_default vc_inner \"><div class=\"vc_col-sm-2 wpb_column vc_column_container\"><div class=\"vc_column-inner\"><div class=\"wpb_wrapper\"><div class=\"w-image\"><div class=\"us-frame\"><img loading=\"lazy\" decoding=\"async\" width=\"174\" height=\"117\" src=\"https:\/\/moversbyfue.com\/secciones\/wp-content\/uploads\/2019\/06\/adria\u0301n-garci\u0301a.jpg\" class=\"attachment-full size-full\" alt=\"\" \/><\/div><\/div><div class=\"wpb_text_column \"><div class=\"wpb_wrapper\">\n<p style=\"text-align: center;\"><span style=\"font-size: small;\"><b><span style=\"color: #d42f43;\">ADRI\u00c1N GARC\u00cdA ORTIZ<\/span><br \/>\n<\/b>Ingeniero de Caminos, Canales y Puertos<\/span><\/p>\n<\/div> <\/div> <\/div><\/div><\/div><div class=\"vc_col-sm-2 wpb_column vc_column_container\"><div class=\"vc_column-inner\"><div class=\"wpb_wrapper\"><div class=\"w-image\"><div class=\"us-frame\"><img loading=\"lazy\" decoding=\"async\" width=\"174\" height=\"117\" src=\"https:\/\/moversbyfue.com\/secciones\/wp-content\/uploads\/2019\/06\/alejandro-balde\u0301s.jpg\" class=\"attachment-full size-full\" alt=\"\" \/><\/div><\/div><div class=\"wpb_text_column \"><div class=\"wpb_wrapper\">\n<p style=\"text-align: center;\"><span style=\"font-size: small;\"><b><span style=\"color: #d42f43;\">ALEJANDRO BAIDES MART\u00cdN DEL BURGO<\/span><br \/>\n<\/b>Ingeniero de Materiales<\/span><\/p>\n<\/div> <\/div> <\/div><\/div><\/div><div class=\"vc_col-sm-2 wpb_column vc_column_container\"><div class=\"vc_column-inner\"><div class=\"wpb_wrapper\"><div class=\"w-image\"><div class=\"us-frame\"><img loading=\"lazy\" decoding=\"async\" width=\"174\" height=\"117\" src=\"https:\/\/moversbyfue.com\/secciones\/wp-content\/uploads\/2019\/06\/alexandre-perez.jpg\" class=\"attachment-full size-full\" alt=\"\" \/><\/div><\/div><div class=\"wpb_text_column \"><div class=\"wpb_wrapper\">\n<p style=\"text-align: center;\"><span style=\"font-size: small;\"><b><span style=\"color: #d42f43;\">ALEXANDRE P\u00c9REZ RODR\u00cdGUEZ<\/span><br \/>\n<\/b>Ingeniero de la Energ\u00eda<\/span><\/p>\n<\/div> <\/div> <\/div><\/div><\/div><div class=\"vc_col-sm-2 wpb_column vc_column_container\"><div class=\"vc_column-inner\"><div class=\"wpb_wrapper\"><div class=\"w-image\"><div class=\"us-frame\"><img loading=\"lazy\" decoding=\"async\" width=\"174\" height=\"117\" src=\"https:\/\/moversbyfue.com\/secciones\/wp-content\/uploads\/2019\/06\/andrea-medina.jpg\" class=\"attachment-full size-full\" alt=\"\" \/><\/div><\/div><div class=\"wpb_text_column \"><div class=\"wpb_wrapper\">\n<p style=\"text-align: center;\"><span style=\"font-size: small;\"><b><span style=\"color: #d42f43;\">ANDREA MEDINA PAREDES<\/span><br \/>\n<\/b>Ingeniera de Redes y Servicios Telem\u00e1ticos<\/span><\/p>\n<\/div> <\/div> <\/div><\/div><\/div><div class=\"vc_col-sm-2 wpb_column vc_column_container\"><div class=\"vc_column-inner\"><div class=\"wpb_wrapper\"><div class=\"w-image\"><div class=\"us-frame\"><img loading=\"lazy\" decoding=\"async\" width=\"174\" height=\"117\" src=\"https:\/\/moversbyfue.com\/secciones\/wp-content\/uploads\/2019\/06\/carlos-sanz-garcia.jpg\" class=\"attachment-full size-full\" alt=\"\" \/><\/div><\/div><div class=\"wpb_text_column \"><div class=\"wpb_wrapper\">\n<p style=\"text-align: center;\"><span style=\"font-size: small;\"><b><span style=\"color: #d42f43;\">CARLOS SANZ GARC\u00cdA<\/span><br \/>\n<\/b>Ingeniero Aeroespacial<\/span><\/p>\n<\/div> <\/div> <\/div><\/div><\/div><div class=\"vc_col-sm-2 wpb_column vc_column_container\"><div class=\"vc_column-inner\"><div class=\"wpb_wrapper\"><div class=\"w-image\"><div class=\"us-frame\"><img loading=\"lazy\" decoding=\"async\" width=\"174\" height=\"117\" src=\"https:\/\/moversbyfue.com\/secciones\/wp-content\/uploads\/2019\/06\/cristina-serrano.jpg\" class=\"attachment-full size-full\" alt=\"\" \/><\/div><\/div><div class=\"wpb_text_column \"><div class=\"wpb_wrapper\">\n<p style=\"text-align: center;\"><span style=\"font-size: small;\"><b><span style=\"color: #d42f43;\">CRISTINA SERRANO OJEDA<\/span><br \/>\n<\/b>Derecho<\/span><\/p>\n<\/div> <\/div> <\/div><\/div><\/div><\/div>[vc_empty_space height=\u00bb30px\u00bb][vc_empty_space height=\u00bb30px\u00bb]<div class=\"g-cols wpb_row type_default vc_inner \"><div class=\"vc_col-sm-2 wpb_column vc_column_container\"><div class=\"vc_column-inner\"><div class=\"wpb_wrapper\"><div class=\"w-image\"><div class=\"us-frame\"><img loading=\"lazy\" decoding=\"async\" width=\"174\" height=\"117\" src=\"https:\/\/moversbyfue.com\/secciones\/wp-content\/uploads\/2019\/06\/eduardo-donoso.jpg\" class=\"attachment-full size-full\" alt=\"\" \/><\/div><\/div><div class=\"wpb_text_column \"><div class=\"wpb_wrapper\">\n<p style=\"text-align: center;\"><span style=\"font-size: small;\"><b><span style=\"color: #d42f43;\">EDUARDO DONOSO ESTEBAN<\/span><br \/>\n<\/b>Ingeniero Aeroespacial<\/span><\/p>\n<\/div> <\/div> <\/div><\/div><\/div><div class=\"vc_col-sm-2 wpb_column vc_column_container\"><div class=\"vc_column-inner\"><div class=\"wpb_wrapper\"><div class=\"w-image\"><div class=\"us-frame\"><img loading=\"lazy\" decoding=\"async\" width=\"174\" height=\"117\" src=\"https:\/\/moversbyfue.com\/secciones\/wp-content\/uploads\/2019\/06\/fatima-ureta.jpg\" class=\"attachment-full size-full\" alt=\"\" \/><\/div><\/div><div class=\"wpb_text_column \"><div class=\"wpb_wrapper\">\n<p style=\"text-align: center;\"><span style=\"font-size: small;\"><b><span style=\"color: #d42f43;\">F\u00c1TIMA URETA POSADAS<\/span><br \/>\n<\/b>Derecho<\/span><\/p>\n<\/div> <\/div> <\/div><\/div><\/div><div class=\"vc_col-sm-2 wpb_column vc_column_container\"><div class=\"vc_column-inner\"><div class=\"wpb_wrapper\"><div class=\"w-image\"><div class=\"us-frame\"><img loading=\"lazy\" decoding=\"async\" width=\"174\" height=\"117\" src=\"https:\/\/moversbyfue.com\/secciones\/wp-content\/uploads\/2019\/06\/valeria-tuesta.jpg\" class=\"attachment-full size-full\" alt=\"\" \/><\/div><\/div><div class=\"wpb_text_column \"><div class=\"wpb_wrapper\">\n<p style=\"text-align: center;\"><span style=\"font-size: small;\"><b><span style=\"color: #d42f43;\">VALERIA TUESTA EYZAGUIRRE<\/span><br \/>\n<\/b>Management and Finance<\/span><\/p>\n<\/div> <\/div> <\/div><\/div><\/div><div class=\"vc_col-sm-2 wpb_column vc_column_container\"><div class=\"vc_column-inner\"><div class=\"wpb_wrapper\"><div class=\"w-image\"><div class=\"us-frame\"><img loading=\"lazy\" decoding=\"async\" width=\"174\" height=\"117\" src=\"https:\/\/moversbyfue.com\/secciones\/wp-content\/uploads\/2019\/06\/marta-robles.jpg\" class=\"attachment-full size-full\" alt=\"\" \/><\/div><\/div><div class=\"wpb_text_column \"><div class=\"wpb_wrapper\">\n<p style=\"text-align: center;\"><span style=\"font-size: small;\"><b><span style=\"color: #d42f43;\">MARTA ROBLES MA\u00d1UECO<\/span><br \/>\n<\/b>Biotecnolog\u00eda<\/span><\/p>\n<\/div> <\/div> <\/div><\/div><\/div><div class=\"vc_col-sm-2 wpb_column vc_column_container\"><div class=\"vc_column-inner\"><div class=\"wpb_wrapper\"><div class=\"w-image\"><div class=\"us-frame\"><img loading=\"lazy\" decoding=\"async\" width=\"174\" height=\"117\" src=\"https:\/\/moversbyfue.com\/secciones\/wp-content\/uploads\/2019\/06\/gerard-vives.jpg\" class=\"attachment-full size-full\" alt=\"\" \/><\/div><\/div><div class=\"wpb_text_column \"><div class=\"wpb_wrapper\">\n<p style=\"text-align: center;\"><span style=\"font-size: small;\"><b><span style=\"color: #d42f43;\">GERARD VIVES MU\u00d1OZ<\/span><br \/>\n<\/b>Ingeniero Mec\u00e1nico<\/span><\/p>\n<\/div> <\/div> <\/div><\/div><\/div><div class=\"vc_col-sm-2 wpb_column vc_column_container\"><div class=\"vc_column-inner\"><div class=\"wpb_wrapper\"><div class=\"w-image\"><div class=\"us-frame\"><img loading=\"lazy\" decoding=\"async\" width=\"174\" height=\"117\" src=\"https:\/\/moversbyfue.com\/secciones\/wp-content\/uploads\/2019\/06\/in\u0303aki-echevarri\u0301a.jpg\" class=\"attachment-full size-full\" alt=\"\" \/><\/div><\/div><div class=\"wpb_text_column \"><div class=\"wpb_wrapper\">\n<p style=\"text-align: center;\"><span style=\"font-size: small;\"><b><span style=\"color: #d42f43;\">I\u00d1AKI ECHEVARR\u00cdA ARENAZA<\/span><br \/>\n<\/b>Direcci\u00f3n Contable y Financiera<\/span><\/p>\n<\/div> <\/div> <\/div><\/div><\/div><\/div><div class=\"g-cols wpb_row type_default vc_inner  vc_custom_1484070271608\"><div class=\"vc_col-sm-2 wpb_column vc_column_container\"><div class=\"vc_column-inner\"><div class=\"wpb_wrapper\"><div class=\"w-image\"><div class=\"us-frame\"><img loading=\"lazy\" decoding=\"async\" width=\"174\" height=\"117\" src=\"https:\/\/moversbyfue.com\/secciones\/wp-content\/uploads\/2019\/06\/laura-rodriguez.jpg\" class=\"attachment-full size-full\" alt=\"\" \/><\/div><\/div><div class=\"wpb_text_column \"><div class=\"wpb_wrapper\">\n<p style=\"text-align: center;\"><span style=\"font-size: small;\"><b><span style=\"color: #d42f43;\">LAURA RODRIGUEZ ARIAS<\/span><br \/>\n<\/b>Derecho<\/span><\/p>\n<\/div> <\/div> <\/div><\/div><\/div><div class=\"vc_col-sm-2 wpb_column vc_column_container\"><div class=\"vc_column-inner\"><div class=\"wpb_wrapper\"><div class=\"w-image\"><div class=\"us-frame\"><img loading=\"lazy\" decoding=\"async\" width=\"174\" height=\"117\" src=\"https:\/\/moversbyfue.com\/secciones\/wp-content\/uploads\/2019\/06\/marina-botija.jpg\" class=\"attachment-full size-full\" alt=\"\" \/><\/div><\/div><div class=\"wpb_text_column \"><div class=\"wpb_wrapper\">\n<p style=\"text-align: center;\"><span style=\"font-size: small;\"><b><span style=\"color: #d42f43;\">MARINA BOTIJA OLMEDA<\/span><br \/>\n<\/b> Derecho<\/span><\/p>\n<\/div> <\/div> <\/div><\/div><\/div><div class=\"vc_col-sm-2 wpb_column vc_column_container\"><div class=\"vc_column-inner\"><div class=\"wpb_wrapper\"><div class=\"w-image\"><div class=\"us-frame\"><img loading=\"lazy\" decoding=\"async\" width=\"174\" height=\"117\" src=\"https:\/\/moversbyfue.com\/secciones\/wp-content\/uploads\/2019\/06\/pablo-bellido.jpg\" class=\"attachment-full size-full\" alt=\"\" \/><\/div><\/div><div class=\"wpb_text_column \"><div class=\"wpb_wrapper\">\n<p style=\"text-align: center;\"><span style=\"font-size: small;\"><b><span style=\"color: #d42f43;\">PABLO BELLIDO ALBA<\/span><br \/>\n<\/b> Tecnolog\u00edas Industriales<\/span><\/p>\n<\/div> <\/div> <\/div><\/div><\/div><div class=\"vc_col-sm-2 wpb_column vc_column_container\"><div class=\"vc_column-inner\"><div class=\"wpb_wrapper\"><\/div><\/div><\/div><div class=\"vc_col-sm-2 wpb_column vc_column_container\"><div class=\"vc_column-inner\"><div class=\"wpb_wrapper\"><\/div><\/div><\/div><div class=\"vc_col-sm-2 wpb_column vc_column_container\"><div class=\"vc_column-inner\"><div class=\"wpb_wrapper\"><\/div><\/div><\/div><\/div>[vc_empty_space height=\u00bb10px\u00bb]<\/div><\/div><\/div><\/div><\/div><\/section><!-- Row Backgrounds --><div class=\"upb_color\" data-bg-override=\"0\" data-bg-color=\"#f4f4f4\" data-fadeout=\"\" data-fadeout-percentage=\"30\" data-parallax-content=\"\" data-parallax-content-sense=\"30\" data-row-effect-mobile-disable=\"true\" data-img-parallax-mobile-disable=\"true\" data-rtl=\"false\"  data-custom-vc-row=\"\"  data-vc=\"5.0.1\"  data-is_old_vc=\"\"  data-theme-support=\"\"   data-overlay=\"false\" data-overlay-color=\"\" data-overlay-pattern=\"\" data-overlay-pattern-opacity=\"\" data-overlay-pattern-size=\"\"    ><\/div>\n","protected":false},"excerpt":{"rendered":"PROGRAMA \"C4T CALL FOR TALENT\" SEXTA\u00a0EDICI\u00d3N [vc_empty_space height=\"30px\"] Para esta sexta edici\u00f3n la Fundaci\u00f3n Universidad-Empresa vuelve a colaborar con la Fundaci\u00f3n Rafael del Pino y la Asociaci\u00f3n...","protected":false},"author":1,"featured_media":0,"parent":0,"menu_order":0,"comment_status":"closed","ping_status":"closed","template":"","meta":{"footnotes":""},"_links":{"self":[{"href":"https:\/\/moversbyfue.com\/secciones\/wp-json\/wp\/v2\/pages\/6823"}],"collection":[{"href":"https:\/\/moversbyfue.com\/secciones\/wp-json\/wp\/v2\/pages"}],"about":[{"href":"https:\/\/moversbyfue.com\/secciones\/wp-json\/wp\/v2\/types\/page"}],"author":[{"embeddable":true,"href":"https:\/\/moversbyfue.com\/secciones\/wp-json\/wp\/v2\/users\/1"}],"replies":[{"embeddable":true,"href":"https:\/\/moversbyfue.com\/secciones\/wp-json\/wp\/v2\/comments?post=6823"}],"version-history":[{"count":5,"href":"https:\/\/moversbyfue.com\/secciones\/wp-json\/wp\/v2\/pages\/6823\/revisions"}],"predecessor-version":[{"id":6843,"href":"https:\/\/moversbyfue.com\/secciones\/wp-json\/wp\/v2\/pages\/6823\/revisions\/6843"}],"wp:attachment":[{"href":"https:\/\/moversbyfue.com\/secciones\/wp-json\/wp\/v2\/media?parent=6823"}],"curies":[{"name":"wp","href":"https:\/\/api.w.org\/{rel}","templated":true}]}}