{"id":6702,"date":"2019-01-02T11:45:41","date_gmt":"2019-01-02T10:45:41","guid":{"rendered":"http:\/\/www.moversbyfue.com\/secciones\/?page_id=6702"},"modified":"2019-09-23T12:43:59","modified_gmt":"2019-09-23T10:43:59","slug":"cuarta-edicion","status":"publish","type":"page","link":"https:\/\/moversbyfue.com\/secciones\/cuarta-edicion\/","title":{"rendered":"Cuarta Edici\u00f3n"},"content":{"rendered":"<section class=\"l-section wpb_row height_medium\"><div class=\"l-section-h i-cf\"><div class=\"g-cols type_default\"><div class=\"vc_col-sm-12 wpb_column vc_column_container\"><div class=\"vc_column-inner\"><div class=\"wpb_wrapper\"><div class=\"wpb_text_column \"><div class=\"wpb_wrapper\">\n<h2 style=\"text-align: center;\"><strong><span style=\"color: #d42f43;\">UNIVERSIDAD DE FLORIDA CENTRAL (UCF)<\/span><br \/>\n<\/strong><\/h2>\n<p style=\"text-align: center;\"><span class=\"textoblanco18\"><span style=\"color: #333333; font-size: large;\">CUARTA\u00a0EDICI\u00d3N<\/span><\/span><\/p>\n<\/div> <\/div> [vc_empty_space height=\u00bb30px\u00bb]<div class=\"g-cols wpb_row type_default vc_inner \"><div class=\"vc_col-sm-6 wpb_column vc_column_container\"><div class=\"vc_column-inner\"><div class=\"wpb_wrapper\"><div class=\"wpb_text_column \"><div class=\"wpb_wrapper\"><b><span lang=\"EN-US\">Executive Education<\/span><\/b><\/p>\n<p>UCF reconoce que el desarrollo continuo de talento es vital para el \u00e9xito general de su organizaci\u00f3n. Cada uno de nuestros programas est\u00e1 dise\u00f1ado para promover el desarrollo profesional y preparar a su equipo para los desaf\u00edos del ma\u00f1ana.<\/p>\n<p>Nuestro objetivo es proporcionar capacitaci\u00f3n de vanguardia que le ense\u00f1ar\u00e1 a su equipo a pensar de manera diferente, intercambiar ideas y aplicar nuevas t\u00e9cnicas. Nos enfocamos en crear un ambiente de aprendizaje colaborativo que inspire a los participantes a poner en pr\u00e1ctica nuevas ideas para enfrentar los desaf\u00edos comerciales m\u00e1s dif\u00edciles de la actualidad. Los participantes pueden tener un impacto duradero en sus organizaciones y carreras aplicando inmediatamente los conocimientos reci\u00e9n adquiridos a sus negocios.<\/p>\n<p>Con programas dirigidos por profesores reconocidos a nivel nacional y destacados profesionales l\u00edderes que combinan la teor\u00eda con ejemplos del mundo real, ayudamos a nuestros clientes a crear una ventaja competitiva sostenible en el entorno empresarial en constante cambio actual.<\/p>\n<\/div> <\/div> <\/div><\/div><\/div><div class=\"vc_col-sm-6 wpb_column vc_column_container\"><div class=\"vc_column-inner\"><div class=\"wpb_wrapper\"><div class=\"wpb_text_column \"><div class=\"wpb_wrapper\"><p>PROGRAMAS PERSONALIZADOS UCF<\/p>\n<p>Deje que el Centro de desarrollo ejecutivo personalice un programa para satisfacer las necesidades \u00fanicas de su organizaci\u00f3n. Desde seminarios de un d\u00eda hasta talleres de sesiones m\u00faltiples, abordaremos los problemas que enfrentan sus ejecutivos y profesionales de alto nivel cada d\u00eda. Comenzamos realizando una evaluaci\u00f3n de necesidades y luego trabajamos con usted para crear un programa espec\u00edficamente dise\u00f1ado para su empresa y equipo de gesti\u00f3n.<\/p>\n<p>Los seminarios y talleres que brinden soluciones estrat\u00e9gicas y capacitaci\u00f3n pr\u00e1ctica ayudar\u00e1n a desarrollar las habilidades de liderazgo necesarias para construir unidades m\u00e1s fuertes y cohesivas. Estos programas totalmente personalizables pueden llevarse a cabo en nuestras instalaciones de vanguardia o en la ubicaci\u00f3n que elija.<\/p><\/div> <\/div> <\/div><\/div><\/div><\/div>[vc_empty_space height=\u00bb30px\u00bb]<\/div><\/div><\/div><\/div><\/div><\/section><!-- Row Backgrounds --><div class=\"upb_bg_img\" data-ultimate-bg=\"url(https:\/\/moversbyfue.com\/secciones\/wp-content\/uploads\/2013\/05\/BACKGROUND3_opaci.png)\" data-image-id=\"id^6186|url^http:\/\/www.moversbyfue.com\/wp-content\/uploads\/2013\/05\/BACKGROUND3_opaci.png|caption^null|alt^null|title^background3_opaci|description^null\" data-ultimate-bg-style=\"vcpb-default\" data-bg-img-repeat=\"repeat\" data-bg-img-size=\"cover\" data-bg-img-position=\"\" data-parallx_sense=\"30\" data-bg-override=\"0\" data-bg_img_attach=\"scroll\" data-upb-overlay-color=\"\" data-upb-bg-animation=\"\" data-fadeout=\"\" data-bg-animation=\"left-animation\" data-bg-animation-type=\"h\" data-animation-repeat=\"repeat\" data-fadeout-percentage=\"30\" data-parallax-content=\"\" data-parallax-content-sense=\"30\" data-row-effect-mobile-disable=\"true\" data-img-parallax-mobile-disable=\"true\" data-rtl=\"false\"  data-custom-vc-row=\"\"  data-vc=\"5.0.1\"  data-is_old_vc=\"\"  data-theme-support=\"\"   data-overlay=\"false\" data-overlay-color=\"\" data-overlay-pattern=\"\" data-overlay-pattern-opacity=\"\" data-overlay-pattern-size=\"\"    ><\/div><section class=\"l-section wpb_row height_medium\"><div class=\"l-section-h i-cf\"><div class=\"g-cols type_default\"><div class=\"vc_col-sm-12 wpb_column vc_column_container\"><div class=\"vc_column-inner\"><div class=\"wpb_wrapper\">[vc_empty_space height=\u00bb30px\u00bb]<div class=\"wpb_text_column \"><div class=\"wpb_wrapper\">\n<h2 style=\"text-align: center;\"><strong><span style=\"color: #d42f43;\">ALUMNOS<\/span><br \/>\n<\/strong><\/h2>\n<\/div> <\/div> <div class=\"g-cols wpb_row type_default vc_inner \"><div class=\"vc_col-sm-2 wpb_column vc_column_container\"><div class=\"vc_column-inner\"><div class=\"wpb_wrapper\"><div class=\"w-image\"><div class=\"us-frame\"><img loading=\"lazy\" decoding=\"async\" width=\"174\" height=\"117\" src=\"https:\/\/moversbyfue.com\/secciones\/wp-content\/uploads\/2017\/03\/01_jesusbarrera.jpg\" class=\"attachment-full size-full\" alt=\"\" \/><\/div><\/div><div class=\"wpb_text_column \"><div class=\"wpb_wrapper\">\n<p style=\"text-align: center;\"><span style=\"font-size: small;\"><b><span style=\"color: #d42f43;\">JES\u00daS VALVERDE RODR\u00cdGUEZ<\/span><br \/>\n<\/b>Graduado en Ingenier\u00eda Aeroespacial<br \/>\n<\/span><\/p>\n<\/div> <\/div> <\/div><\/div><\/div><div class=\"vc_col-sm-2 wpb_column vc_column_container\"><div class=\"vc_column-inner\"><div class=\"wpb_wrapper\"><div class=\"w-image\"><div class=\"us-frame\"><img loading=\"lazy\" decoding=\"async\" width=\"174\" height=\"117\" src=\"https:\/\/moversbyfue.com\/secciones\/wp-content\/uploads\/2017\/03\/02_elbademiguel.jpg\" class=\"attachment-full size-full\" alt=\"\" \/><\/div><\/div><div class=\"wpb_text_column \"><div class=\"wpb_wrapper\">\n<p style=\"text-align: center;\"><span style=\"font-size: small;\"><b><span style=\"color: #d42f43;\">ELBA DE MIGUEL FARR<\/span><br \/>\n<\/b>Graduada en Relaciones Internacionales<br \/>\n<\/span><\/p>\n<\/div> <\/div> <\/div><\/div><\/div><div class=\"vc_col-sm-2 wpb_column vc_column_container\"><div class=\"vc_column-inner\"><div class=\"wpb_wrapper\"><div class=\"w-image\"><div class=\"us-frame\"><img loading=\"lazy\" decoding=\"async\" width=\"174\" height=\"117\" src=\"https:\/\/moversbyfue.com\/secciones\/wp-content\/uploads\/2017\/03\/03_ireneespadero.jpg\" class=\"attachment-full size-full\" alt=\"\" \/><\/div><\/div><div class=\"wpb_text_column \"><div class=\"wpb_wrapper\">\n<p style=\"text-align: center;\"><span style=\"font-size: small;\"><b><span style=\"color: #d42f43;\">IRENE ESPADERO BERZOSA<\/span><br \/>\n<\/b>Graduada en Ingenier\u00eda Qu\u00edmica<br \/>\n<\/span><\/p>\n<\/div> <\/div> <\/div><\/div><\/div><div class=\"vc_col-sm-2 wpb_column vc_column_container\"><div class=\"vc_column-inner\"><div class=\"wpb_wrapper\"><div class=\"w-image\"><div class=\"us-frame\"><img loading=\"lazy\" decoding=\"async\" width=\"174\" height=\"117\" src=\"https:\/\/moversbyfue.com\/secciones\/wp-content\/uploads\/2017\/03\/04_beatrizfari\u00f1as.jpg\" class=\"attachment-full size-full\" alt=\"\" \/><\/div><\/div><div class=\"wpb_text_column \"><div class=\"wpb_wrapper\">\n<p style=\"text-align: center;\"><span style=\"font-size: small;\"><b><span style=\"color: #d42f43;\">BEATRIZ FARI\u00d1AS GIL<\/span><br \/>\n<\/b>Graduada en Derecho y ADE<br \/>\n<\/span><\/p>\n<\/div> <\/div> <\/div><\/div><\/div><div class=\"vc_col-sm-2 wpb_column vc_column_container\"><div class=\"vc_column-inner\"><div class=\"wpb_wrapper\"><div class=\"w-image\"><div class=\"us-frame\"><img loading=\"lazy\" decoding=\"async\" width=\"174\" height=\"117\" src=\"https:\/\/moversbyfue.com\/secciones\/wp-content\/uploads\/2017\/03\/07_ismaelgarcia.jpg\" class=\"attachment-full size-full\" alt=\"\" \/><\/div><\/div><div class=\"wpb_text_column \"><div class=\"wpb_wrapper\">\n<p style=\"text-align: center;\"><span style=\"font-size: small;\"><b><span style=\"color: #d42f43;\">ISMAEL GARC\u00cdA-R\u00c1MILA MOYANO<\/span><br \/>\n<\/b>Arquitecto<\/span><\/p>\n<\/div> <\/div> <\/div><\/div><\/div><div class=\"vc_col-sm-2 wpb_column vc_column_container\"><div class=\"vc_column-inner\"><div class=\"wpb_wrapper\"><div class=\"w-image\"><div class=\"us-frame\"><img loading=\"lazy\" decoding=\"async\" width=\"174\" height=\"117\" src=\"https:\/\/moversbyfue.com\/secciones\/wp-content\/uploads\/2017\/03\/05_fatimagarcia.jpg\" class=\"attachment-full size-full\" alt=\"\" \/><\/div><\/div><div class=\"wpb_text_column \"><div class=\"wpb_wrapper\">\n<p style=\"text-align: center;\"><span style=\"font-size: small;\"><b><span style=\"color: #d42f43;\">F\u00c1TIMA GARC\u00cdA DONDAY<\/span><br \/>\n<\/b>Ingeniera de Telecomunicaci\u00f3n<br \/>\n<\/span><\/p>\n<\/div> <\/div> <\/div><\/div><\/div><\/div>[vc_empty_space height=\u00bb30px\u00bb]<div class=\"g-cols wpb_row type_default vc_inner \"><div class=\"vc_col-sm-2 wpb_column vc_column_container\"><div class=\"vc_column-inner\"><div class=\"wpb_wrapper\"><div class=\"w-image\"><div class=\"us-frame\"><img loading=\"lazy\" decoding=\"async\" width=\"174\" height=\"117\" src=\"https:\/\/moversbyfue.com\/secciones\/wp-content\/uploads\/2017\/03\/06_germangarcia.jpg\" class=\"attachment-full size-full\" alt=\"\" \/><\/div><\/div><div class=\"wpb_text_column \"><div class=\"wpb_wrapper\">\n<p style=\"text-align: center;\"><span style=\"font-size: small;\"><b><span style=\"color: #d42f43;\">GERM\u00c1N GARC\u00cdA POZO<\/span><br \/>\n<\/b>Graduado en Ingenier\u00eda Electr\u00f3nica Industrial<br \/>\n<\/span><\/p>\n<\/div> <\/div> <\/div><\/div><\/div><div class=\"vc_col-sm-2 wpb_column vc_column_container\"><div class=\"vc_column-inner\"><div class=\"wpb_wrapper\"><div class=\"w-image\"><div class=\"us-frame\"><img loading=\"lazy\" decoding=\"async\" width=\"174\" height=\"117\" src=\"https:\/\/moversbyfue.com\/secciones\/wp-content\/uploads\/2017\/03\/08_annagonzalez.jpg\" class=\"attachment-full size-full\" alt=\"\" \/><\/div><\/div><div class=\"wpb_text_column \"><div class=\"wpb_wrapper\">\n<p style=\"text-align: center;\"><span style=\"font-size: small;\"><b><span style=\"color: #d42f43;\">ANA GONZ\u00c1LEZ LUENGOS<\/span><br \/>\n<\/b>Graduada en Ingenier\u00eda en Dise\u00f1o Industrial y Desarrollo de Producto<br \/>\n<\/span><\/p>\n<\/div> <\/div> <\/div><\/div><\/div><div class=\"vc_col-sm-2 wpb_column vc_column_container\"><div class=\"vc_column-inner\"><div class=\"wpb_wrapper\"><div class=\"w-image\"><div class=\"us-frame\"><img loading=\"lazy\" decoding=\"async\" width=\"174\" height=\"117\" src=\"https:\/\/moversbyfue.com\/secciones\/wp-content\/uploads\/2017\/03\/09_annamarin.jpg\" class=\"attachment-full size-full\" alt=\"\" \/><\/div><\/div><div class=\"wpb_text_column \"><div class=\"wpb_wrapper\">\n<p style=\"text-align: center;\"><span style=\"font-size: small;\"><b><span style=\"color: #d42f43;\">ANNA MAR\u00cdN SALT\u00d3<\/span><br \/>\n<\/b>Graduada en Ingenier\u00eda Qu\u00edmica<br \/>\n<\/span><\/p>\n<\/div> <\/div> <\/div><\/div><\/div><div class=\"vc_col-sm-2 wpb_column vc_column_container\"><div class=\"vc_column-inner\"><div class=\"wpb_wrapper\"><div class=\"w-image\"><div class=\"us-frame\"><img loading=\"lazy\" decoding=\"async\" width=\"174\" height=\"117\" src=\"https:\/\/moversbyfue.com\/secciones\/wp-content\/uploads\/2017\/03\/10_belenmartin.jpg\" class=\"attachment-full size-full\" alt=\"\" \/><\/div><\/div><div class=\"wpb_text_column \"><div class=\"wpb_wrapper\">\n<p style=\"text-align: center;\"><span style=\"font-size: small;\"><b><span style=\"color: #d42f43;\">BEL\u00c9N MART\u00cdN DE ACU\u00d1A<\/span><br \/>\n<\/b>Graduada en Ingenier\u00eda Qu\u00edmica Industrial<br \/>\n<\/span><\/p>\n<\/div> <\/div> <\/div><\/div><\/div><div class=\"vc_col-sm-2 wpb_column vc_column_container\"><div class=\"vc_column-inner\"><div class=\"wpb_wrapper\"><div class=\"w-image\"><div class=\"us-frame\"><img loading=\"lazy\" decoding=\"async\" width=\"174\" height=\"117\" src=\"https:\/\/moversbyfue.com\/secciones\/wp-content\/uploads\/2017\/03\/11_ignaciomartin.jpg\" class=\"attachment-full size-full\" alt=\"\" \/><\/div><\/div><div class=\"wpb_text_column \"><div class=\"wpb_wrapper\">\n<p style=\"text-align: center;\"><span style=\"font-size: small;\"><b><span style=\"color: #d42f43;\">IGNACIO MART\u00cdN JIM\u00c9NEZ<\/span><br \/>\n<\/b>Graduado en Qu\u00edmica<br \/>\n<\/span><\/p>\n<\/div> <\/div> <\/div><\/div><\/div><div class=\"vc_col-sm-2 wpb_column vc_column_container\"><div class=\"vc_column-inner\"><div class=\"wpb_wrapper\"><div class=\"w-image\"><div class=\"us-frame\"><img loading=\"lazy\" decoding=\"async\" width=\"174\" height=\"117\" src=\"https:\/\/moversbyfue.com\/secciones\/wp-content\/uploads\/2017\/03\/12_claudiamartinez.jpg\" class=\"attachment-full size-full\" alt=\"\" \/><\/div><\/div><div class=\"wpb_text_column \"><div class=\"wpb_wrapper\">\n<p style=\"text-align: center;\"><span style=\"font-size: small;\"><b><span style=\"color: #d42f43;\">CLAUDIA MART\u00cdNEZ BOUBETA<\/span><br \/>\n<\/b>Graduada en Econom\u00eda<br \/>\n<\/span><\/p>\n<\/div> <\/div> <\/div><\/div><\/div><\/div>[vc_empty_space height=\u00bb30px\u00bb]<div class=\"g-cols wpb_row type_default vc_inner \"><div class=\"vc_col-sm-2 wpb_column vc_column_container\"><div class=\"vc_column-inner\"><div class=\"wpb_wrapper\"><div class=\"w-image\"><div class=\"us-frame\"><img loading=\"lazy\" decoding=\"async\" width=\"174\" height=\"117\" src=\"https:\/\/moversbyfue.com\/secciones\/wp-content\/uploads\/2017\/03\/13_celiamerino.jpg\" class=\"attachment-full size-full\" alt=\"\" \/><\/div><\/div><div class=\"wpb_text_column \"><div class=\"wpb_wrapper\">\n<p style=\"text-align: center;\"><span style=\"font-size: small;\"><b><span style=\"color: #d42f43;\">CELIA MERINO HOYO<\/span><br \/>\n<\/b>Licenciada en Econom\u00eda<br \/>\n<\/span><\/p>\n<\/div> <\/div> <\/div><\/div><\/div><div class=\"vc_col-sm-2 wpb_column vc_column_container\"><div class=\"vc_column-inner\"><div class=\"wpb_wrapper\"><div class=\"w-image\"><div class=\"us-frame\"><img loading=\"lazy\" decoding=\"async\" width=\"174\" height=\"117\" src=\"https:\/\/moversbyfue.com\/secciones\/wp-content\/uploads\/2017\/03\/14_irenenavalon.jpg\" class=\"attachment-full size-full\" alt=\"\" \/><\/div><\/div><div class=\"wpb_text_column \"><div class=\"wpb_wrapper\">\n<p style=\"text-align: center;\"><span style=\"font-size: small;\"><b><span style=\"color: #d42f43;\">IRENE NAVAL\u00d3N BURGOS<\/span><br \/>\n<\/b>Ingeniera Industrial<br \/>\n<\/span><\/p>\n<\/div> <\/div> <\/div><\/div><\/div><div class=\"vc_col-sm-2 wpb_column vc_column_container\"><div class=\"vc_column-inner\"><div class=\"wpb_wrapper\"><div class=\"w-image\"><div class=\"us-frame\"><img loading=\"lazy\" decoding=\"async\" width=\"174\" height=\"117\" src=\"https:\/\/moversbyfue.com\/secciones\/wp-content\/uploads\/2017\/03\/15_miguelpalacios.jpg\" class=\"attachment-full size-full\" alt=\"\" \/><\/div><\/div><div class=\"wpb_text_column \"><div class=\"wpb_wrapper\">\n<p style=\"text-align: center;\"><span style=\"font-size: small;\"><b><span style=\"color: #d42f43;\">MIGUEL PALACIOS \u00c1LVAREZ DE EULATE<\/span><br \/>\n<\/b>Ingeniero de Montes<\/span><\/p>\n<\/div> <\/div> <\/div><\/div><\/div><div class=\"vc_col-sm-2 wpb_column vc_column_container\"><div class=\"vc_column-inner\"><div class=\"wpb_wrapper\"><div class=\"w-image\"><div class=\"us-frame\"><img loading=\"lazy\" decoding=\"async\" width=\"174\" height=\"117\" src=\"https:\/\/moversbyfue.com\/secciones\/wp-content\/uploads\/2017\/03\/16_lauraplata.jpg\" class=\"attachment-full size-full\" alt=\"\" \/><\/div><\/div><div class=\"wpb_text_column \"><div class=\"wpb_wrapper\">\n<p style=\"text-align: center;\"><span style=\"font-size: small;\"><b><span style=\"color: #d42f43;\">LAURA PLATA JIM\u00c9NEZ<\/span><br \/>\n<\/b>Graduada en Edificaci\u00f3n<br \/>\n<\/span><\/p>\n<\/div> <\/div> <\/div><\/div><\/div><div class=\"vc_col-sm-2 wpb_column vc_column_container\"><div class=\"vc_column-inner\"><div class=\"wpb_wrapper\"><div class=\"w-image\"><div class=\"us-frame\"><img loading=\"lazy\" decoding=\"async\" width=\"174\" height=\"117\" src=\"https:\/\/moversbyfue.com\/secciones\/wp-content\/uploads\/2017\/03\/17_luisrodriguez.jpg\" class=\"attachment-full size-full\" alt=\"\" \/><\/div><\/div><div class=\"wpb_text_column \"><div class=\"wpb_wrapper\">\n<p style=\"text-align: center;\"><span style=\"font-size: small;\"><b><span style=\"color: #d42f43;\">LUIS FERNANDO RODR\u00cdGUEZ ZAMBRANA<\/span><br \/>\n<\/b>Ingeniero de Caminos, Canales y Puertos<br \/>\n<\/span><\/p>\n<\/div> <\/div> <\/div><\/div><\/div><div class=\"vc_col-sm-2 wpb_column vc_column_container\"><div class=\"vc_column-inner\"><div class=\"wpb_wrapper\"><div class=\"w-image\"><div class=\"us-frame\"><img loading=\"lazy\" decoding=\"async\" width=\"174\" height=\"117\" src=\"https:\/\/moversbyfue.com\/secciones\/wp-content\/uploads\/2017\/03\/18_celiaruiz.jpg\" class=\"attachment-full size-full\" alt=\"\" \/><\/div><\/div><div class=\"wpb_text_column \"><div class=\"wpb_wrapper\">\n<p style=\"text-align: center;\"><span style=\"font-size: small;\"><b><span style=\"color: #d42f43;\">CELIA RU\u00cdZ BALLESTEROS<\/span><br \/>\n<\/b>Graduada en Estad\u00edstica<br \/>\n<\/span><\/p>\n<\/div> <\/div> <\/div><\/div><\/div><\/div><div class=\"g-cols wpb_row type_default vc_inner  vc_custom_1484070271608\"><div class=\"vc_col-sm-2 wpb_column vc_column_container\"><div class=\"vc_column-inner\"><div class=\"wpb_wrapper\"><\/div><\/div><\/div><div class=\"vc_col-sm-2 wpb_column vc_column_container\"><div class=\"vc_column-inner\"><div class=\"wpb_wrapper\"><\/div><\/div><\/div><div class=\"vc_col-sm-2 wpb_column vc_column_container\"><div class=\"vc_column-inner\"><div class=\"wpb_wrapper\"><div class=\"w-image\"><div class=\"us-frame\"><img loading=\"lazy\" decoding=\"async\" width=\"174\" height=\"117\" src=\"https:\/\/moversbyfue.com\/secciones\/wp-content\/uploads\/2017\/03\/19_manuelruiz.jpg\" class=\"attachment-full size-full\" alt=\"\" \/><\/div><\/div><div class=\"wpb_text_column \"><div class=\"wpb_wrapper\">\n<p style=\"text-align: center;\"><span style=\"font-size: small;\"><b><span style=\"color: #d42f43;\">MANUEL RU\u00cdZ G\u00d3NGORA<\/span><br \/>\n<\/b>Graduado en Ingenier\u00eda Aeroespacial<br \/>\n<\/span><\/p>\n<\/div> <\/div> <\/div><\/div><\/div><div class=\"vc_col-sm-2 wpb_column vc_column_container\"><div class=\"vc_column-inner\"><div class=\"wpb_wrapper\"><div class=\"w-image\"><div class=\"us-frame\"><img loading=\"lazy\" decoding=\"async\" width=\"174\" height=\"117\" src=\"https:\/\/moversbyfue.com\/secciones\/wp-content\/uploads\/2017\/03\/20_rafaelvalverde.jpg\" class=\"attachment-full size-full\" alt=\"\" \/><\/div><\/div><div class=\"wpb_text_column \"><div class=\"wpb_wrapper\">\n<p style=\"text-align: center;\"><span style=\"font-size: small;\"><b><span style=\"color: #d42f43;\">RAFAEL VALVERDE SOLANO<\/span><br \/>\n<\/b>Graduado en Derecho<br \/>\n<\/span><\/p>\n<\/div> <\/div> <\/div><\/div><\/div><div class=\"vc_col-sm-2 wpb_column vc_column_container\"><div class=\"vc_column-inner\"><div class=\"wpb_wrapper\"><\/div><\/div><\/div><div class=\"vc_col-sm-2 wpb_column vc_column_container\"><div class=\"vc_column-inner\"><div class=\"wpb_wrapper\"><\/div><\/div><\/div><\/div>[vc_empty_space height=\u00bb10px\u00bb]<\/div><\/div><\/div><\/div><\/div><\/section><!-- Row Backgrounds --><div class=\"upb_color\" data-bg-override=\"0\" data-bg-color=\"#f4f4f4\" data-fadeout=\"\" data-fadeout-percentage=\"30\" data-parallax-content=\"\" data-parallax-content-sense=\"30\" data-row-effect-mobile-disable=\"true\" data-img-parallax-mobile-disable=\"true\" data-rtl=\"false\"  data-custom-vc-row=\"\"  data-vc=\"5.0.1\"  data-is_old_vc=\"\"  data-theme-support=\"\"   data-overlay=\"false\" data-overlay-color=\"\" data-overlay-pattern=\"\" data-overlay-pattern-opacity=\"\" data-overlay-pattern-size=\"\"    ><\/div>\n","protected":false},"excerpt":{"rendered":"UNIVERSIDAD DE FLORIDA CENTRAL (UCF) CUARTA\u00a0EDICI\u00d3N [vc_empty_space height=\"30px\"]Executive Education UCF reconoce que el desarrollo continuo de talento es vital para el \u00e9xito general de su organizaci\u00f3n. Cada...","protected":false},"author":1,"featured_media":0,"parent":0,"menu_order":0,"comment_status":"closed","ping_status":"closed","template":"","meta":{"footnotes":""},"_links":{"self":[{"href":"https:\/\/moversbyfue.com\/secciones\/wp-json\/wp\/v2\/pages\/6702"}],"collection":[{"href":"https:\/\/moversbyfue.com\/secciones\/wp-json\/wp\/v2\/pages"}],"about":[{"href":"https:\/\/moversbyfue.com\/secciones\/wp-json\/wp\/v2\/types\/page"}],"author":[{"embeddable":true,"href":"https:\/\/moversbyfue.com\/secciones\/wp-json\/wp\/v2\/users\/1"}],"replies":[{"embeddable":true,"href":"https:\/\/moversbyfue.com\/secciones\/wp-json\/wp\/v2\/comments?post=6702"}],"version-history":[{"count":5,"href":"https:\/\/moversbyfue.com\/secciones\/wp-json\/wp\/v2\/pages\/6702\/revisions"}],"predecessor-version":[{"id":6903,"href":"https:\/\/moversbyfue.com\/secciones\/wp-json\/wp\/v2\/pages\/6702\/revisions\/6903"}],"wp:attachment":[{"href":"https:\/\/moversbyfue.com\/secciones\/wp-json\/wp\/v2\/media?parent=6702"}],"curies":[{"name":"wp","href":"https:\/\/api.w.org\/{rel}","templated":true}]}}