{"id":6627,"date":"2018-11-15T16:10:22","date_gmt":"2018-11-15T15:10:22","guid":{"rendered":"http:\/\/www.moversbyfue.com\/secciones\/?page_id=6627"},"modified":"2018-11-16T10:17:42","modified_gmt":"2018-11-16T09:17:42","slug":"noticias-movers","status":"publish","type":"page","link":"https:\/\/moversbyfue.com\/secciones\/noticias-movers\/","title":{"rendered":"Noticias Movers"},"content":{"rendered":"<section class=\"l-section wpb_row height_medium\"><div class=\"l-section-h i-cf\"><div class=\"g-cols type_default\"><div class=\"vc_col-sm-12 wpb_column vc_column_container vc_col-has-fill\"><div class=\"vc_column-inner  vc_custom_1542296229928\"><div class=\"wpb_wrapper\">[vc_custom_heading text=\u00bbConoce nuestras noticias\u00bb use_theme_fonts=\u00bbyes\u00bb]<\/div><\/div><\/div><\/div><\/div><\/section><section class=\"l-section wpb_row height_medium\"><div class=\"l-section-h i-cf\"><div class=\"g-cols type_default\"><div class=\"vc_col-sm-12 wpb_column vc_column_container\"><div class=\"vc_column-inner\"><div class=\"wpb_wrapper\">\t<div class=\"w-blog layout_smallsquare cols_2\" itemscope=\"itemscope\" itemtype=\"https:\/\/schema.org\/Blog\">\t<div class=\"w-blog-preloader\">\r\n\t\t<div class=\"g-preloader type_1\"><\/div>\r\n\t<\/div>\r\n\t\t<div class=\"w-blog-list\">\r\n\r\n\t<article class=\"w-blog-post novena-edicion post-7601 post type-post status-publish format-standard has-post-thumbnail hentry category-novena-edicion tag-movers tag-talento-joven\" data-id=\"7601\" data-categories=\"novena-edicion\">\r\n\t\t<div class=\"w-blog-post-h\">\r\n\t\t\t\t\t\t\t\t\t\t<a href=\"https:\/\/moversbyfue.com\/secciones\/talento-en-movimiento-nuevos-perfiles-de-la-9a-edicion-de-movers-by-fue\/\">\r\n\t\t\t\t\t<div class=\"w-blog-post-preview\">\r\n\t\t\t\t\t\t<img loading=\"lazy\" decoding=\"async\" width=\"350\" height=\"300\" src=\"https:\/\/moversbyfue.com\/secciones\/wp-content\/uploads\/2026\/04\/conoce-a-los-movers-by-fue-2026-350x300.png\" class=\"attachment-tnail-1x1-small size-tnail-1x1-small wp-post-image\" alt=\"\" \/>\t\t\t\t\t\t<span class=\"w-blog-post-preview-icon\" style=\"padding-bottom: 66.6667%;\"><\/span>\r\n\t\t\t\t\t<\/div>\r\n\t\t\t\t<\/a>\r\n\t\t\t\t\t\t<div class=\"w-blog-post-body\">\r\n\t\t\t\t<h2 class=\"w-blog-post-title\">\r\n\t\t\t\t\t<a class=\"entry-title\" rel=\"bookmark\" href=\"https:\/\/moversbyfue.com\/secciones\/talento-en-movimiento-nuevos-perfiles-de-la-9a-edicion-de-movers-by-fue\/\">Talento en movimiento: nuevos perfiles de la 9\u00aa edici\u00f3n de Movers by FUE<\/a>\r\n\t\t\t\t<\/h2>\r\n\r\n\t\t\t\t<div class=\"w-blog-post-meta\">\r\n\t\t\t\t\t<time class=\"w-blog-post-meta-date date updated\">04\/05\/2026<\/time><span class=\"w-blog-post-meta-author vcard author hidden\"><a href=\"https:\/\/moversbyfue.com\/secciones\/author\/angel\/\" class=\"fn\">Angel<\/a><\/span>\t\t\t\t<\/div>\r\n\t\t\t\t\t\t\t\t\t<div class=\"w-blog-post-content\">\r\n\t\t\t\t\t\t<p>La 9\u00aa edici\u00f3n de Movers by FUE sigue avanzando y, con ella, seguimos descubriendo a los estudiantes que han destacado durante sus pr\u00e1cticas en empresas a trav\u00e9s&#8230;<\/p>\n\t\t\t\t\t<\/div>\r\n\t\t\t\t\t\t\t\t\t\t\t\t\t<a class=\"w-blog-post-more w-btn\" href=\"https:\/\/moversbyfue.com\/secciones\/talento-en-movimiento-nuevos-perfiles-de-la-9a-edicion-de-movers-by-fue\/\"><span class=\"w-btn-label\">Leer M\u00e1s<\/span><\/a>\r\n\t\t\t\t\t\t\t<\/div>\r\n\t\t<\/div>\r\n\t<\/article>\r\n\r\n\r\n\r\n\t<article class=\"w-blog-post novena-edicion post-7567 post type-post status-publish format-standard has-post-thumbnail hentry category-novena-edicion tag-movers tag-talento-joven\" data-id=\"7567\" data-categories=\"novena-edicion\">\r\n\t\t<div class=\"w-blog-post-h\">\r\n\t\t\t\t\t\t\t\t\t\t<a href=\"https:\/\/moversbyfue.com\/secciones\/los-primeros-movers-de-la-9a-edicion-ya-estan-aqui-talento-joven-que-viene-pisando-fuerte\/\">\r\n\t\t\t\t\t<div class=\"w-blog-post-preview\">\r\n\t\t\t\t\t\t<img loading=\"lazy\" decoding=\"async\" width=\"350\" height=\"300\" src=\"https:\/\/moversbyfue.com\/secciones\/wp-content\/uploads\/2026\/04\/conoce-a-los-movers-by-fue-2026-350x300.png\" class=\"attachment-tnail-1x1-small size-tnail-1x1-small wp-post-image\" alt=\"\" \/>\t\t\t\t\t\t<span class=\"w-blog-post-preview-icon\" style=\"padding-bottom: 66.6667%;\"><\/span>\r\n\t\t\t\t\t<\/div>\r\n\t\t\t\t<\/a>\r\n\t\t\t\t\t\t<div class=\"w-blog-post-body\">\r\n\t\t\t\t<h2 class=\"w-blog-post-title\">\r\n\t\t\t\t\t<a class=\"entry-title\" rel=\"bookmark\" href=\"https:\/\/moversbyfue.com\/secciones\/los-primeros-movers-de-la-9a-edicion-ya-estan-aqui-talento-joven-que-viene-pisando-fuerte\/\">Los primeros Movers de la 9\u00aa edici\u00f3n ya est\u00e1n aqu\u00ed: talento joven que viene pisando fuerte<\/a>\r\n\t\t\t\t<\/h2>\r\n\r\n\t\t\t\t<div class=\"w-blog-post-meta\">\r\n\t\t\t\t\t<time class=\"w-blog-post-meta-date date updated\">27\/04\/2026<\/time><span class=\"w-blog-post-meta-author vcard author hidden\"><a href=\"https:\/\/moversbyfue.com\/secciones\/author\/angel\/\" class=\"fn\">Angel<\/a><\/span>\t\t\t\t<\/div>\r\n\t\t\t\t\t\t\t\t\t<div class=\"w-blog-post-content\">\r\n\t\t\t\t\t\t<p>La Fundaci\u00f3n Universidad-Empresa vuelve a poner en marcha una nueva edici\u00f3n de Movers, su programa de excelencia que reconoce a los estudiantes que han destacado durante sus&#8230;<\/p>\n\t\t\t\t\t<\/div>\r\n\t\t\t\t\t\t\t\t\t\t\t\t\t<a class=\"w-blog-post-more w-btn\" href=\"https:\/\/moversbyfue.com\/secciones\/los-primeros-movers-de-la-9a-edicion-ya-estan-aqui-talento-joven-que-viene-pisando-fuerte\/\"><span class=\"w-btn-label\">Leer M\u00e1s<\/span><\/a>\r\n\t\t\t\t\t\t\t<\/div>\r\n\t\t<\/div>\r\n\t<\/article>\r\n\r\n\r\n\r\n\t<article class=\"w-blog-post novena-edicion post-7564 post type-post status-publish format-standard has-post-thumbnail hentry category-novena-edicion tag-excelencia tag-movers tag-talento-joven\" data-id=\"7564\" data-categories=\"novena-edicion\">\r\n\t\t<div class=\"w-blog-post-h\">\r\n\t\t\t\t\t\t\t\t\t\t<a href=\"https:\/\/moversbyfue.com\/secciones\/movers-by-fue-arranca-su-novena-edicion\/\">\r\n\t\t\t\t\t<div class=\"w-blog-post-preview\">\r\n\t\t\t\t\t\t<img loading=\"lazy\" decoding=\"async\" width=\"350\" height=\"350\" src=\"https:\/\/moversbyfue.com\/secciones\/wp-content\/uploads\/2025\/03\/Captura-de-pantalla-2025-03-17-154544-350x350.png\" class=\"attachment-tnail-1x1-small size-tnail-1x1-small wp-post-image\" alt=\"\" srcset=\"https:\/\/moversbyfue.com\/secciones\/wp-content\/uploads\/2025\/03\/Captura-de-pantalla-2025-03-17-154544-350x350.png 350w, https:\/\/moversbyfue.com\/secciones\/wp-content\/uploads\/2025\/03\/Captura-de-pantalla-2025-03-17-154544-150x150.png 150w\" sizes=\"(max-width: 350px) 100vw, 350px\" \/>\t\t\t\t\t\t<span class=\"w-blog-post-preview-icon\" style=\"padding-bottom: 66.6667%;\"><\/span>\r\n\t\t\t\t\t<\/div>\r\n\t\t\t\t<\/a>\r\n\t\t\t\t\t\t<div class=\"w-blog-post-body\">\r\n\t\t\t\t<h2 class=\"w-blog-post-title\">\r\n\t\t\t\t\t<a class=\"entry-title\" rel=\"bookmark\" href=\"https:\/\/moversbyfue.com\/secciones\/movers-by-fue-arranca-su-novena-edicion\/\">Movers by FUE arranca su novena edici\u00f3n<\/a>\r\n\t\t\t\t<\/h2>\r\n\r\n\t\t\t\t<div class=\"w-blog-post-meta\">\r\n\t\t\t\t\t<time class=\"w-blog-post-meta-date date updated\">16\/03\/2026<\/time><span class=\"w-blog-post-meta-author vcard author hidden\"><a href=\"https:\/\/moversbyfue.com\/secciones\/author\/angel\/\" class=\"fn\">Angel<\/a><\/span>\t\t\t\t<\/div>\r\n\t\t\t\t\t\t\t\t\t<div class=\"w-blog-post-content\">\r\n\t\t\t\t\t\t<p>Movers by FUE vuelve con una nueva generaci\u00f3n de talento. La novena edici\u00f3n del programa ya est\u00e1 en marcha, y con ella llega una nueva oportunidad para&#8230;<\/p>\n\t\t\t\t\t<\/div>\r\n\t\t\t\t\t\t\t\t\t\t\t\t\t<a class=\"w-blog-post-more w-btn\" href=\"https:\/\/moversbyfue.com\/secciones\/movers-by-fue-arranca-su-novena-edicion\/\"><span class=\"w-btn-label\">Leer M\u00e1s<\/span><\/a>\r\n\t\t\t\t\t\t\t<\/div>\r\n\t\t<\/div>\r\n\t<\/article>\r\n\r\n\r\n\r\n\t<article class=\"w-blog-post octava-edicion post-7534 post type-post status-publish format-standard has-post-thumbnail hentry category-octava-edicion tag-estudiantes tag-excelencia tag-movers tag-talento tag-talento-joven\" data-id=\"7534\" data-categories=\"octava-edicion\">\r\n\t\t<div class=\"w-blog-post-h\">\r\n\t\t\t\t\t\t\t\t\t\t<a href=\"https:\/\/moversbyfue.com\/secciones\/movers-by-fue-dia-5-en-ny-una-despedida-con-vision-de-futuro\/\">\r\n\t\t\t\t\t<div class=\"w-blog-post-preview\">\r\n\t\t\t\t\t\t<img loading=\"lazy\" decoding=\"async\" width=\"350\" height=\"300\" src=\"https:\/\/moversbyfue.com\/secciones\/wp-content\/uploads\/2025\/06\/movers-by-fue-dia4-2-350x300.png\" class=\"attachment-tnail-1x1-small size-tnail-1x1-small wp-post-image\" alt=\"\" \/>\t\t\t\t\t\t<span class=\"w-blog-post-preview-icon\" style=\"padding-bottom: 66.6667%;\"><\/span>\r\n\t\t\t\t\t<\/div>\r\n\t\t\t\t<\/a>\r\n\t\t\t\t\t\t<div class=\"w-blog-post-body\">\r\n\t\t\t\t<h2 class=\"w-blog-post-title\">\r\n\t\t\t\t\t<a class=\"entry-title\" rel=\"bookmark\" href=\"https:\/\/moversbyfue.com\/secciones\/movers-by-fue-dia-5-en-ny-una-despedida-con-vision-de-futuro\/\">Movers by FUE | D\u00eda 5 en NY: Una despedida con visi\u00f3n de futuro.<\/a>\r\n\t\t\t\t<\/h2>\r\n\r\n\t\t\t\t<div class=\"w-blog-post-meta\">\r\n\t\t\t\t\t<time class=\"w-blog-post-meta-date date updated\">14\/06\/2025<\/time><span class=\"w-blog-post-meta-author vcard author hidden\"><a href=\"https:\/\/moversbyfue.com\/secciones\/author\/julia-de-la-torre\/\" class=\"fn\">Julia De la Torre<\/a><\/span>\t\t\t\t<\/div>\r\n\t\t\t\t\t\t\t\t\t<div class=\"w-blog-post-content\">\r\n\t\t\t\t\t\t<p>La 8.\u00aa edici\u00f3n de Movers by FUE ha llegado a su fin. Tras cinco d\u00edas intensos en Boston y Nueva York, nuestros Movers regresan a Madrid con&#8230;<\/p>\n\t\t\t\t\t<\/div>\r\n\t\t\t\t\t\t\t\t\t\t\t\t\t<a class=\"w-blog-post-more w-btn\" href=\"https:\/\/moversbyfue.com\/secciones\/movers-by-fue-dia-5-en-ny-una-despedida-con-vision-de-futuro\/\"><span class=\"w-btn-label\">Leer M\u00e1s<\/span><\/a>\r\n\t\t\t\t\t\t\t<\/div>\r\n\t\t<\/div>\r\n\t<\/article>\r\n\r\n\r\n\r\n\t<article class=\"w-blog-post octava-edicion post-7540 post type-post status-publish format-standard has-post-thumbnail hentry category-octava-edicion tag-estudiantes tag-movers tag-talento tag-talento-joven\" data-id=\"7540\" data-categories=\"octava-edicion\">\r\n\t\t<div class=\"w-blog-post-h\">\r\n\t\t\t\t\t\t\t\t\t\t<a href=\"https:\/\/moversbyfue.com\/secciones\/movers-by-fue-dia-4-en-nueva-york-diplomacia-derecho-y-cultura-urbana-con-sello-espanol\/\">\r\n\t\t\t\t\t<div class=\"w-blog-post-preview\">\r\n\t\t\t\t\t\t<img loading=\"lazy\" decoding=\"async\" width=\"350\" height=\"300\" src=\"https:\/\/moversbyfue.com\/secciones\/wp-content\/uploads\/2025\/06\/movers-by-fue-dia4-3-350x300.png\" class=\"attachment-tnail-1x1-small size-tnail-1x1-small wp-post-image\" alt=\"\" \/>\t\t\t\t\t\t<span class=\"w-blog-post-preview-icon\" style=\"padding-bottom: 66.6667%;\"><\/span>\r\n\t\t\t\t\t<\/div>\r\n\t\t\t\t<\/a>\r\n\t\t\t\t\t\t<div class=\"w-blog-post-body\">\r\n\t\t\t\t<h2 class=\"w-blog-post-title\">\r\n\t\t\t\t\t<a class=\"entry-title\" rel=\"bookmark\" href=\"https:\/\/moversbyfue.com\/secciones\/movers-by-fue-dia-4-en-nueva-york-diplomacia-derecho-y-cultura-urbana-con-sello-espanol\/\">Movers by FUE |D\u00eda 4 en Nueva York: diplomacia, derecho y cultura urbana con sello espa\u00f1ol<\/a>\r\n\t\t\t\t<\/h2>\r\n\r\n\t\t\t\t<div class=\"w-blog-post-meta\">\r\n\t\t\t\t\t<time class=\"w-blog-post-meta-date date updated\">13\/06\/2025<\/time><span class=\"w-blog-post-meta-author vcard author hidden\"><a href=\"https:\/\/moversbyfue.com\/secciones\/author\/julia-de-la-torre\/\" class=\"fn\">Julia De la Torre<\/a><\/span>\t\t\t\t<\/div>\r\n\t\t\t\t\t\t\t\t\t<div class=\"w-blog-post-content\">\r\n\t\t\t\t\t\t<p>En su cuarta jornada, los Movers by FUE continuaron explorando los epicentros del liderazgo global, esta vez desde la ciudad de Nueva York. La agenda del jueves&#8230;<\/p>\n\t\t\t\t\t<\/div>\r\n\t\t\t\t\t\t\t\t\t\t\t\t\t<a class=\"w-blog-post-more w-btn\" href=\"https:\/\/moversbyfue.com\/secciones\/movers-by-fue-dia-4-en-nueva-york-diplomacia-derecho-y-cultura-urbana-con-sello-espanol\/\"><span class=\"w-btn-label\">Leer M\u00e1s<\/span><\/a>\r\n\t\t\t\t\t\t\t<\/div>\r\n\t\t<\/div>\r\n\t<\/article>\r\n\r\n\r\n\r\n\t<article class=\"w-blog-post octava-edicion post-7509 post type-post status-publish format-standard has-post-thumbnail hentry category-octava-edicion tag-eeuu tag-formacion tag-fue tag-movers tag-talento\" data-id=\"7509\" data-categories=\"octava-edicion\">\r\n\t\t<div class=\"w-blog-post-h\">\r\n\t\t\t\t\t\t\t\t\t\t<a href=\"https:\/\/moversbyfue.com\/secciones\/movers-by-fue-dia-3-en-boston-liderazgo-talento-cientifico-y-emprendimiento-social\/\">\r\n\t\t\t\t\t<div class=\"w-blog-post-preview\">\r\n\t\t\t\t\t\t<img loading=\"lazy\" decoding=\"async\" width=\"350\" height=\"300\" src=\"https:\/\/moversbyfue.com\/secciones\/wp-content\/uploads\/2025\/06\/movers-by-fue-dia3-2-350x300.png\" class=\"attachment-tnail-1x1-small size-tnail-1x1-small wp-post-image\" alt=\"\" \/>\t\t\t\t\t\t<span class=\"w-blog-post-preview-icon\" style=\"padding-bottom: 66.6667%;\"><\/span>\r\n\t\t\t\t\t<\/div>\r\n\t\t\t\t<\/a>\r\n\t\t\t\t\t\t<div class=\"w-blog-post-body\">\r\n\t\t\t\t<h2 class=\"w-blog-post-title\">\r\n\t\t\t\t\t<a class=\"entry-title\" rel=\"bookmark\" href=\"https:\/\/moversbyfue.com\/secciones\/movers-by-fue-dia-3-en-boston-liderazgo-talento-cientifico-y-emprendimiento-social\/\">Movers by FUE | D\u00eda 3 en Boston: Liderazgo, talento cient\u00edfico y emprendimiento social<\/a>\r\n\t\t\t\t<\/h2>\r\n\r\n\t\t\t\t<div class=\"w-blog-post-meta\">\r\n\t\t\t\t\t<time class=\"w-blog-post-meta-date date updated\">12\/06\/2025<\/time><span class=\"w-blog-post-meta-author vcard author hidden\"><a href=\"https:\/\/moversbyfue.com\/secciones\/author\/julia-de-la-torre\/\" class=\"fn\">Julia De la Torre<\/a><\/span>\t\t\t\t<\/div>\r\n\t\t\t\t\t\t\t\t\t<div class=\"w-blog-post-content\">\r\n\t\t\t\t\t\t<p>La tercera jornada de nuestros Movers by FUE en Boston fue una inmersi\u00f3n total en el liderazgo acad\u00e9mico, la innovaci\u00f3n cient\u00edfica y el impacto social del emprendimiento&#8230;.<\/p>\n\t\t\t\t\t<\/div>\r\n\t\t\t\t\t\t\t\t\t\t\t\t\t<a class=\"w-blog-post-more w-btn\" href=\"https:\/\/moversbyfue.com\/secciones\/movers-by-fue-dia-3-en-boston-liderazgo-talento-cientifico-y-emprendimiento-social\/\"><span class=\"w-btn-label\">Leer M\u00e1s<\/span><\/a>\r\n\t\t\t\t\t\t\t<\/div>\r\n\t\t<\/div>\r\n\t<\/article>\r\n\r\n\r\n\r\n\t<article class=\"w-blog-post uncategorised post-7350 post type-post status-publish format-standard has-post-thumbnail hentry category-uncategorised tag-boston tag-estudiantes tag-harvard tag-movers\" data-id=\"7350\" data-categories=\"uncategorised\">\r\n\t\t<div class=\"w-blog-post-h\">\r\n\t\t\t\t\t\t\t\t\t\t<a href=\"https:\/\/moversbyfue.com\/secciones\/movers-by-fue-dia-2-en-boston-ciencia-investigacion-y-emprendimiento-biotech\/\">\r\n\t\t\t\t\t<div class=\"w-blog-post-preview\">\r\n\t\t\t\t\t\t<img loading=\"lazy\" decoding=\"async\" width=\"350\" height=\"300\" src=\"https:\/\/moversbyfue.com\/secciones\/wp-content\/uploads\/2025\/06\/movers-by-fue-dia1-2-350x300.png\" class=\"attachment-tnail-1x1-small size-tnail-1x1-small wp-post-image\" alt=\"\" \/>\t\t\t\t\t\t<span class=\"w-blog-post-preview-icon\" style=\"padding-bottom: 66.6667%;\"><\/span>\r\n\t\t\t\t\t<\/div>\r\n\t\t\t\t<\/a>\r\n\t\t\t\t\t\t<div class=\"w-blog-post-body\">\r\n\t\t\t\t<h2 class=\"w-blog-post-title\">\r\n\t\t\t\t\t<a class=\"entry-title\" rel=\"bookmark\" href=\"https:\/\/moversbyfue.com\/secciones\/movers-by-fue-dia-2-en-boston-ciencia-investigacion-y-emprendimiento-biotech\/\">Movers by FUE | D\u00eda 2 en Boston: Ciencia, investigaci\u00f3n y emprendimiento biotech<\/a>\r\n\t\t\t\t<\/h2>\r\n\r\n\t\t\t\t<div class=\"w-blog-post-meta\">\r\n\t\t\t\t\t<time class=\"w-blog-post-meta-date date updated\">11\/06\/2025<\/time><span class=\"w-blog-post-meta-author vcard author hidden\"><a href=\"https:\/\/moversbyfue.com\/secciones\/author\/julia-de-la-torre\/\" class=\"fn\">Julia De la Torre<\/a><\/span>\t\t\t\t<\/div>\r\n\t\t\t\t\t\t\t\t\t<div class=\"w-blog-post-content\">\r\n\t\t\t\t\t\t<p>El martes 10 de junio nuestros Movers by FUE vivieron una jornada marcada por el conocimiento cient\u00edfico, la innovaci\u00f3n biom\u00e9dica y el esp\u00edritu emprendedor. Un d\u00eda que&#8230;<\/p>\n\t\t\t\t\t<\/div>\r\n\t\t\t\t\t\t\t\t\t\t\t\t\t<a class=\"w-blog-post-more w-btn\" href=\"https:\/\/moversbyfue.com\/secciones\/movers-by-fue-dia-2-en-boston-ciencia-investigacion-y-emprendimiento-biotech\/\"><span class=\"w-btn-label\">Leer M\u00e1s<\/span><\/a>\r\n\t\t\t\t\t\t\t<\/div>\r\n\t\t<\/div>\r\n\t<\/article>\r\n\r\n\r\n\r\n\t<article class=\"w-blog-post octava-edicion post-7331 post type-post status-publish format-standard has-post-thumbnail hentry category-octava-edicion tag-boston tag-eeuu tag-liberty-mutual tag-movers tag-talento-joven\" data-id=\"7331\" data-categories=\"octava-edicion\">\r\n\t\t<div class=\"w-blog-post-h\">\r\n\t\t\t\t\t\t\t\t\t\t<a href=\"https:\/\/moversbyfue.com\/secciones\/nuestros-movers-by-fue-arrancan-su-aventura-en-boston-con-una-jornada-de-alto-nivel\/\">\r\n\t\t\t\t\t<div class=\"w-blog-post-preview\">\r\n\t\t\t\t\t\t<img loading=\"lazy\" decoding=\"async\" width=\"350\" height=\"300\" src=\"https:\/\/moversbyfue.com\/secciones\/wp-content\/uploads\/2025\/06\/movers-by-fue-cena-dia1-350x300.png\" class=\"attachment-tnail-1x1-small size-tnail-1x1-small wp-post-image\" alt=\"\" \/>\t\t\t\t\t\t<span class=\"w-blog-post-preview-icon\" style=\"padding-bottom: 66.6667%;\"><\/span>\r\n\t\t\t\t\t<\/div>\r\n\t\t\t\t<\/a>\r\n\t\t\t\t\t\t<div class=\"w-blog-post-body\">\r\n\t\t\t\t<h2 class=\"w-blog-post-title\">\r\n\t\t\t\t\t<a class=\"entry-title\" rel=\"bookmark\" href=\"https:\/\/moversbyfue.com\/secciones\/nuestros-movers-by-fue-arrancan-su-aventura-en-boston-con-una-jornada-de-alto-nivel\/\">Nuestros Movers by FUE arrancan su aventura en Boston con una jornada de alto nivel<\/a>\r\n\t\t\t\t<\/h2>\r\n\r\n\t\t\t\t<div class=\"w-blog-post-meta\">\r\n\t\t\t\t\t<time class=\"w-blog-post-meta-date date updated\">10\/06\/2025<\/time><span class=\"w-blog-post-meta-author vcard author hidden\"><a href=\"https:\/\/moversbyfue.com\/secciones\/author\/julia-de-la-torre\/\" class=\"fn\">Julia De la Torre<\/a><\/span>\t\t\t\t<\/div>\r\n\t\t\t\t\t\t\t\t\t<div class=\"w-blog-post-content\">\r\n\t\t\t\t\t\t<p>Este lunes 9 de junio, nuestros Movers comenzaron oficialmente su agenda de actividades en Boston, y lo hicieron rodeados de l\u00edderes, ideas transformadoras y espacios de innovaci\u00f3n&#8230;<\/p>\n\t\t\t\t\t<\/div>\r\n\t\t\t\t\t\t\t\t\t\t\t\t\t<a class=\"w-blog-post-more w-btn\" href=\"https:\/\/moversbyfue.com\/secciones\/nuestros-movers-by-fue-arrancan-su-aventura-en-boston-con-una-jornada-de-alto-nivel\/\"><span class=\"w-btn-label\">Leer M\u00e1s<\/span><\/a>\r\n\t\t\t\t\t\t\t<\/div>\r\n\t\t<\/div>\r\n\t<\/article>\r\n\r\n\r\n\r\n\t<article class=\"w-blog-post uncategorised post-7546 post type-post status-publish format-standard has-post-thumbnail hentry category-uncategorised tag-estudiantes tag-excelencia tag-formacion tag-movers tag-talento-joven\" data-id=\"7546\" data-categories=\"uncategorised\">\r\n\t\t<div class=\"w-blog-post-h\">\r\n\t\t\t\t\t\t\t\t\t\t<a href=\"https:\/\/moversbyfue.com\/secciones\/antes-de-despegar-una-jornada-para-conectar-con-el-talento\/\">\r\n\t\t\t\t\t<div class=\"w-blog-post-preview\">\r\n\t\t\t\t\t\t<img loading=\"lazy\" decoding=\"async\" width=\"350\" height=\"300\" src=\"https:\/\/moversbyfue.com\/secciones\/wp-content\/uploads\/2025\/06\/movers-formacion-4-350x300.png\" class=\"attachment-tnail-1x1-small size-tnail-1x1-small wp-post-image\" alt=\"\" \/>\t\t\t\t\t\t<span class=\"w-blog-post-preview-icon\" style=\"padding-bottom: 66.6667%;\"><\/span>\r\n\t\t\t\t\t<\/div>\r\n\t\t\t\t<\/a>\r\n\t\t\t\t\t\t<div class=\"w-blog-post-body\">\r\n\t\t\t\t<h2 class=\"w-blog-post-title\">\r\n\t\t\t\t\t<a class=\"entry-title\" rel=\"bookmark\" href=\"https:\/\/moversbyfue.com\/secciones\/antes-de-despegar-una-jornada-para-conectar-con-el-talento\/\">Antes de despegar: una jornada para conectar con el talento<\/a>\r\n\t\t\t\t<\/h2>\r\n\r\n\t\t\t\t<div class=\"w-blog-post-meta\">\r\n\t\t\t\t\t<time class=\"w-blog-post-meta-date date updated\">08\/06\/2025<\/time><span class=\"w-blog-post-meta-author vcard author hidden\"><a href=\"https:\/\/moversbyfue.com\/secciones\/author\/julia-de-la-torre\/\" class=\"fn\">Julia De la Torre<\/a><\/span>\t\t\t\t<\/div>\r\n\t\t\t\t\t\t\t\t\t<div class=\"w-blog-post-content\">\r\n\t\t\t\t\t\t<p>Antes de que comenzara la experiencia internacional, los participantes de la 8.\u00aa edici\u00f3n de Movers by FUE vivieron una jornada de formaci\u00f3n previa en Madrid que marc\u00f3&#8230;<\/p>\n\t\t\t\t\t<\/div>\r\n\t\t\t\t\t\t\t\t\t\t\t\t\t<a class=\"w-blog-post-more w-btn\" href=\"https:\/\/moversbyfue.com\/secciones\/antes-de-despegar-una-jornada-para-conectar-con-el-talento\/\"><span class=\"w-btn-label\">Leer M\u00e1s<\/span><\/a>\r\n\t\t\t\t\t\t\t<\/div>\r\n\t\t<\/div>\r\n\t<\/article>\r\n\r\n\r\n\r\n\t<article class=\"w-blog-post octava-edicion post-7321 post type-post status-publish format-standard has-post-thumbnail hentry category-octava-edicion tag-excelencia tag-movers tag-talento tag-talento-joven\" data-id=\"7321\" data-categories=\"octava-edicion\">\r\n\t\t<div class=\"w-blog-post-h\">\r\n\t\t\t\t\t\t\t\t\t\t<a href=\"https:\/\/moversbyfue.com\/secciones\/una-noche-para-recordar-asi-arranco-la-8-a-edicion-de-movers-by-fue\/\">\r\n\t\t\t\t\t<div class=\"w-blog-post-preview\">\r\n\t\t\t\t\t\t<img loading=\"lazy\" decoding=\"async\" width=\"350\" height=\"300\" src=\"https:\/\/moversbyfue.com\/secciones\/wp-content\/uploads\/2025\/06\/movers-by-fue-cena-gala-350x300.png\" class=\"attachment-tnail-1x1-small size-tnail-1x1-small wp-post-image\" alt=\"\" \/>\t\t\t\t\t\t<span class=\"w-blog-post-preview-icon\" style=\"padding-bottom: 66.6667%;\"><\/span>\r\n\t\t\t\t\t<\/div>\r\n\t\t\t\t<\/a>\r\n\t\t\t\t\t\t<div class=\"w-blog-post-body\">\r\n\t\t\t\t<h2 class=\"w-blog-post-title\">\r\n\t\t\t\t\t<a class=\"entry-title\" rel=\"bookmark\" href=\"https:\/\/moversbyfue.com\/secciones\/una-noche-para-recordar-asi-arranco-la-8-a-edicion-de-movers-by-fue\/\">Una noche para recordar: as\u00ed arranc\u00f3 la 8.\u00aa edici\u00f3n de Movers by FUE<\/a>\r\n\t\t\t\t<\/h2>\r\n\r\n\t\t\t\t<div class=\"w-blog-post-meta\">\r\n\t\t\t\t\t<time class=\"w-blog-post-meta-date date updated\">07\/06\/2025<\/time><span class=\"w-blog-post-meta-author vcard author hidden\"><a href=\"https:\/\/moversbyfue.com\/secciones\/author\/julia-de-la-torre\/\" class=\"fn\">Julia De la Torre<\/a><\/span>\t\t\t\t<\/div>\r\n\t\t\t\t\t\t\t\t\t<div class=\"w-blog-post-content\">\r\n\t\t\t\t\t\t[vc_empty_space height=\"30px\" el_class=\"space-carrousel\"][vc_empty_space height=\"30px\" el_class=\"space-carrousel\"] El pasado viernes 6 de junio dimos el pistoletazo de salida a una nueva edici\u00f3n de Movers by FUE con una cena...\t\t\t\t\t<\/div>\r\n\t\t\t\t\t\t\t\t\t\t\t\t\t<a class=\"w-blog-post-more w-btn\" href=\"https:\/\/moversbyfue.com\/secciones\/una-noche-para-recordar-asi-arranco-la-8-a-edicion-de-movers-by-fue\/\"><span class=\"w-btn-label\">Leer M\u00e1s<\/span><\/a>\r\n\t\t\t\t\t\t\t<\/div>\r\n\t\t<\/div>\r\n\t<\/article>\r\n\r\n<\/div>\t\t<div class=\"w-blog-json hidden\" onclick='return {&quot;ajax_url&quot;:&quot;https:\\\/\\\/moversbyfue.com\\\/secciones\\\/wp-admin\\\/admin-ajax.php&quot;,&quot;permalink_url&quot;:&quot;https:\\\/\\\/moversbyfue.com\\\/secciones\\\/noticias-movers\\\/&quot;,&quot;action&quot;:&quot;us_ajax_blog&quot;,&quot;max_num_pages&quot;:5,&quot;infinite_scroll&quot;:0,&quot;template_vars&quot;:{&quot;query_args&quot;:{&quot;post_type&quot;:&quot;post&quot;,&quot;post_status&quot;:[&quot;publish&quot;],&quot;orderby&quot;:{&quot;date&quot;:&quot;DESC&quot;}},&quot;layout_type&quot;:&quot;smallsquare&quot;,&quot;masonry&quot;:false,&quot;metas&quot;:[&quot;date&quot;],&quot;title_size&quot;:&quot;&quot;,&quot;columns&quot;:2,&quot;content_type&quot;:&quot;excerpt&quot;,&quot;show_read_more&quot;:true,&quot;is_shortcode&quot;:true}}'><\/div>\r\n\t\t\t\t<div class=\"g-pagination\">\n\t<nav class=\"navigation pagination\" aria-label=\"Entradas\">\n\t\t<h2 class=\"screen-reader-text\">Navegaci\u00f3n de entradas<\/h2>\n\t\t<div class=\"nav-links\"><span aria-current=\"page\" class=\"page-numbers current\"><span>1<\/span><\/span>\n<a class=\"page-numbers\" href=\"https:\/\/moversbyfue.com\/secciones\/wp-json\/wp\/v2\/pages\/6627\/page\/2\/\"><span>2<\/span><\/a>\n<a class=\"page-numbers\" href=\"https:\/\/moversbyfue.com\/secciones\/wp-json\/wp\/v2\/pages\/6627\/page\/3\/\"><span>3<\/span><\/a>\n<a class=\"page-numbers\" href=\"https:\/\/moversbyfue.com\/secciones\/wp-json\/wp\/v2\/pages\/6627\/page\/4\/\"><span>4<\/span><\/a>\n<a class=\"page-numbers\" href=\"https:\/\/moversbyfue.com\/secciones\/wp-json\/wp\/v2\/pages\/6627\/page\/5\/\"><span>5<\/span><\/a>\n<a class=\"next page-numbers\" href=\"https:\/\/moversbyfue.com\/secciones\/wp-json\/wp\/v2\/pages\/6627\/page\/2\/\">><\/a><\/div>\n\t<\/nav><\/div><\/div><\/div><\/div><\/div><\/div><\/div><\/section><section class=\"l-section wpb_row height_medium\"><div class=\"l-section-h i-cf\"><div class=\"g-cols type_default\"><div class=\"vc_col-sm-12 wpb_column vc_column_container\"><div class=\"vc_column-inner\"><div class=\"wpb_wrapper\"><div class=\"w-separator type_fullwidth size_small thick_1 style_solid color_border cont_none\"><span class=\"w-separator-h\"><\/span><\/div><\/div><\/div><\/div><\/div><\/div><\/section><section class=\"l-section wpb_row height_medium\"><div class=\"l-section-h i-cf\"><div class=\"g-cols type_default\"><div class=\"vc_col-sm-12 wpb_column vc_column_container\"><div class=\"vc_column-inner\"><div class=\"wpb_wrapper\"><div class=\"w-image align_center\"><div class=\"us-frame\"><img loading=\"lazy\" decoding=\"async\" width=\"133\" height=\"60\" src=\"https:\/\/moversbyfue.com\/secciones\/wp-content\/uploads\/2017\/02\/logonew.png\" class=\"attachment-large size-large\" alt=\"movers by fue\" \/><\/div><\/div><\/div><\/div><\/div><\/div><\/div><\/section>\n","protected":false},"excerpt":{"rendered":"[vc_empty_space height=\"30px\" el_class=\"space-carrousel\"][vc_empty_space height=\"30px\" el_class=\"space-carrousel\"] El pasado viernes 6 de junio dimos el pistoletazo de salida a una nueva edici\u00f3n de Movers by FUE con una cena...","protected":false},"author":1,"featured_media":0,"parent":0,"menu_order":0,"comment_status":"closed","ping_status":"closed","template":"","meta":{"footnotes":""},"_links":{"self":[{"href":"https:\/\/moversbyfue.com\/secciones\/wp-json\/wp\/v2\/pages\/6627"}],"collection":[{"href":"https:\/\/moversbyfue.com\/secciones\/wp-json\/wp\/v2\/pages"}],"about":[{"href":"https:\/\/moversbyfue.com\/secciones\/wp-json\/wp\/v2\/types\/page"}],"author":[{"embeddable":true,"href":"https:\/\/moversbyfue.com\/secciones\/wp-json\/wp\/v2\/users\/1"}],"replies":[{"embeddable":true,"href":"https:\/\/moversbyfue.com\/secciones\/wp-json\/wp\/v2\/comments?post=6627"}],"version-history":[{"count":18,"href":"https:\/\/moversbyfue.com\/secciones\/wp-json\/wp\/v2\/pages\/6627\/revisions"}],"predecessor-version":[{"id":6657,"href":"https:\/\/moversbyfue.com\/secciones\/wp-json\/wp\/v2\/pages\/6627\/revisions\/6657"}],"wp:attachment":[{"href":"https:\/\/moversbyfue.com\/secciones\/wp-json\/wp\/v2\/media?parent=6627"}],"curies":[{"name":"wp","href":"https:\/\/api.w.org\/{rel}","templated":true}]}}