{"id":5973,"date":"2016-09-23T08:07:37","date_gmt":"2016-09-23T08:07:37","guid":{"rendered":"http:\/\/www.moversbyfue.com\/?page_id=5973"},"modified":"2025-07-01T15:09:50","modified_gmt":"2025-07-01T13:09:50","slug":"movers","status":"publish","type":"page","link":"https:\/\/moversbyfue.com\/secciones\/","title":{"rendered":"\u00a1Forma parte de Movers!"},"content":{"rendered":"<section class=\"l-section wpb_row height_auto color_custom\" style=\"background-color: #e1e1df;padding-top: 50px !important;padding-bottom: 50px !important;\"><div class=\"l-section-h i-cf\"><div class=\"g-cols type_default\"><div class=\"vc_col-sm-12 wpb_column vc_column_container vc_col-has-fill\"><div class=\"vc_column-inner  vc_custom_1475147594394\"><div class=\"wpb_wrapper\">[vc_custom_heading text=\u00bbPARA PARTICIPAR EN EL PROCESO DE SELECCI\u00d3N\u00bb font_container=\u00bbtag:div|font_size:35px|text_align:center|color:%23ff2b58|line_height:1.3&#8243; use_theme_fonts=\u00bbyes\u00bb][vc_empty_space height=\u00bb60px\u00bb]<div class=\"g-cols wpb_row type_default valign_top vc_inner \"><div class=\"vc_col-sm-3 wpb_column vc_column_container\"><div class=\"vc_column-inner\"><div class=\"wpb_wrapper\">[vc_custom_heading text=\u00bb01\u2013\u00bb font_container=\u00bbtag:div|font_size:55px|text_align:left|color:%23ff2b58|line_height:1.3&#8243; use_theme_fonts=\u00bbyes\u00bb]<div class=\"wpb_text_column \"><div class=\"wpb_wrapper\">\n<h3><strong>Acad\u00e9mico<\/strong><\/h3>\n<p>Debes haber realizado tus pr\u00e1cticas a trav\u00e9s de los programas de pr\u00e1cticas de <a href=\"https:\/\/www.talentoteca.es\"><strong>Talentoteca by FUE<\/strong><\/a>.<br \/>\n<a href=\"https:\/\/www.talentoteca.es\/programas-practicas\/\">https:\/\/www.talentoteca.es\/programas-practicas\/<\/a><br \/>\nAdem\u00e1s, un sobresaliente rendimiento acad\u00e9mico.<\/p>\n<\/div> <\/div> <\/div><\/div><\/div><div class=\"vc_col-sm-3 wpb_column vc_column_container\"><div class=\"vc_column-inner\"><div class=\"wpb_wrapper\">[vc_custom_heading text=\u00bb02\u2013\u00bb font_container=\u00bbtag:div|font_size:55px|text_align:left|color:%23ff2b58|line_height:1.3&#8243; use_theme_fonts=\u00bbyes\u00bb]<div class=\"wpb_text_column \"><div class=\"wpb_wrapper\">\n<h3><strong>Empresa<\/strong><\/h3>\n<p>La empresa donde realices las pr\u00e1cticas&nbsp;tendr\u00e1 que seleccionarte como candidato en funci\u00f3n de tu desempe\u00f1o en la misma y tu actitud diferencial.<\/p>\n<\/div> <\/div> <\/div><\/div><\/div><div class=\"vc_col-sm-3 wpb_column vc_column_container\"><div class=\"vc_column-inner\"><div class=\"wpb_wrapper\">[vc_custom_heading text=\u00bb03\u2013\u00bb font_container=\u00bbtag:div|font_size:55px|text_align:left|color:%23ff2b58|line_height:1.3&#8243; use_theme_fonts=\u00bbyes\u00bb]<div class=\"wpb_text_column \"><div class=\"wpb_wrapper\">\n<h3><strong>Proceso<\/strong><\/h3>\n<p>Una vez preseleccionado, participar\u00e1s en un proceso de selecci\u00f3n del que te iremos revelando las fases.<\/p>\n<\/div> <\/div> <\/div><\/div><\/div><div class=\"vc_col-sm-3 wpb_column vc_column_container\"><div class=\"vc_column-inner\"><div class=\"wpb_wrapper\">[vc_custom_heading text=\u00bb04\u2013\u00bb font_container=\u00bbtag:div|font_size:55px|text_align:left|color:%23ff2b58|line_height:1.3&#8243; use_theme_fonts=\u00bbyes\u00bb]<div class=\"wpb_text_column \"><div class=\"wpb_wrapper\">\n<h3><strong>Seleccionados<\/strong><\/h3>\n<p>Cuando FUE y la Direcci\u00f3n de los Programas de Pr\u00e1cticas reciban toda esta informaci\u00f3n, se har\u00e1 la selecci\u00f3n de los Movers by FUE, para que formen parte de esta nueva&nbsp;edici\u00f3n.<\/p>\n<\/div> <\/div> <\/div><\/div><\/div><\/div><\/div><\/div><\/div><\/div><\/div><\/section><!-- Row Backgrounds --><div class=\"upb_bg_img\" data-ultimate-bg=\"url(https:\/\/moversbyfue.com\/secciones\/wp-content\/uploads\/2013\/05\/BACKGROUND3.jpg)\" data-image-id=\"id^5964|url^http:\/\/www.moversbyfue.com\/wp-content\/uploads\/2013\/05\/BACKGROUND3.jpg|caption^null|alt^null|title^background3|description^null\" data-ultimate-bg-style=\"vcpb-vz-jquery\" data-bg-img-repeat=\"no-repeat\" data-bg-img-size=\"cover\" data-bg-img-position=\"\" data-parallx_sense=\"30\" data-bg-override=\"0\" data-bg_img_attach=\"scroll\" data-upb-overlay-color=\"\" data-upb-bg-animation=\"\" data-fadeout=\"\" data-bg-animation=\"left-animation\" data-bg-animation-type=\"h\" data-animation-repeat=\"repeat\" data-fadeout-percentage=\"30\" data-parallax-content=\"\" data-parallax-content-sense=\"30\" data-row-effect-mobile-disable=\"true\" data-img-parallax-mobile-disable=\"true\" data-rtl=\"false\"  data-custom-vc-row=\"\"  data-vc=\"5.0.1\"  data-is_old_vc=\"\"  data-theme-support=\"\"   data-overlay=\"false\" data-overlay-color=\"\" data-overlay-pattern=\"\" data-overlay-pattern-opacity=\"\" data-overlay-pattern-size=\"\"    ><\/div><section class=\"l-section wpb_row height_medium\" style=\"padding-top: 50px !important;padding-bottom: 50px !important;\"><div class=\"l-section-h i-cf\"><div class=\"g-cols type_default\"><div class=\"vc_col-sm-12 wpb_column vc_column_container\"><div class=\"vc_column-inner\"><div class=\"wpb_wrapper\"><div class=\"w-testimonials style_2 cols_1 type_carousel\" style=\"\" data-items=\"1\" data-autoplay=\"1\" data-timeout=\"6000\" data-nav=\"1\" data-dots=\"0\" data-autoheight=\"1\"><div class=\"w-testimonial\"><blockquote class=\"w-testimonial-h\"><div class=\"w-testimonial-text\"><p style=\"font-weight: 400;\">\u2018El Programa Movers by FUE ha significado para m\u00ed la apertura a todo un mundo de posibilidades que antes desconoc\u00eda y de c\u00f3mo, con mucho trabajo, la ayuda de tus compa\u00f1eros y un poco de suerte, al final el talento se abre paso.\u2019<\/p>\n<p style=\"font-weight: 400;\">\n<\/div><div class=\"w-testimonial-author\"><div><span class=\"w-testimonial-author-name\"><span>Pablo Bellido, Mover by FUE 6\u00aa edici\u00f3n<\/span><\/span><\/div><\/div><\/blockquote><\/div><div class=\"w-testimonial\"><blockquote class=\"w-testimonial-h\"><div class=\"w-testimonial-text\"><p style=\"font-weight: 400;\">\u2018Me ha cargado de motivaci\u00f3n e inspiraci\u00f3n para seguir cumpliendo con mis objetivos, y demostrado que con dedicaci\u00f3n y perseverancia todo se puede conseguir. Adem\u00e1s, gracias a Movers by FUE he tenido la suerte de llevarme una segunda familia de la cual estoy segura que seguir\u00e9 aprendiendo\u2019<\/p>\n<p style=\"font-weight: 400;\">\n<\/div><div class=\"w-testimonial-author\"><div><span class=\"w-testimonial-author-name\"><span>Valeria Tuesta, Mover by FUE 6\u00aa edici\u00f3n<\/span><\/span><\/div><\/div><\/blockquote><\/div><div class=\"w-testimonial\"><blockquote class=\"w-testimonial-h\"><div class=\"w-testimonial-text\"><p style=\"font-weight: 400;\">\u2018He abierto los ojos a un mundo de posibilidades, aprendiendo much\u00edsimo de la gente que he tenido la oportunidad de conocer. Tengo la seguridad de que esto no acaba aqu\u00ed, me llevo la mochila cargada!\u2019<\/p>\n<p style=\"font-weight: 400;\">\n<\/div><div class=\"w-testimonial-author\"><div><span class=\"w-testimonial-author-name\"><span>Cristina Serrano, Mover by FUE 6\u00aa edici\u00f3n<\/span><\/span><\/div><\/div><\/blockquote><\/div><div class=\"w-testimonial\"><blockquote class=\"w-testimonial-h\"><div class=\"w-testimonial-text\"><p style=\"font-weight: 400;\">\u2018Movers by FUE me ha hecho darme cuenta de lo orgullosos que tenemos que estar de nuestra generaci\u00f3n y de la cantidad de oportunidades que nos esperan en el futuro\u2019<\/p>\n<p style=\"font-weight: 400;\">\n<\/div><div class=\"w-testimonial-author\"><div><span class=\"w-testimonial-author-name\"><span>Carlos Sanz, Mover by FUE 6\u00aa edici\u00f3n<\/span><\/span><\/div><\/div><\/blockquote><\/div><div class=\"w-testimonial\"><blockquote class=\"w-testimonial-h\"><div class=\"w-testimonial-text\"><p style=\"font-weight: 400;\">\u2018MOVERS by FUE ha significado un \u00absi quieres puedes\u00bb, me ha ense\u00f1ado que todo es posible y que tengo que luchar por aquello que me gusta y me hace feliz. Adem\u00e1s, tengo la suerte de llevarme conmigo un equipo de amigos de los cuales he aprendido much\u00edsimo y estoy segura que lo seguir\u00e9 haciendo gracias a la comunidad que hemos creado\u2019<\/p>\n<p style=\"font-weight: 400;\">\n<\/div><div class=\"w-testimonial-author\"><div><span class=\"w-testimonial-author-name\"><span>Marta Robles, Mover by FUE 6\u00aa edici\u00f3n<\/span><\/span><\/div><\/div><\/blockquote><\/div><div class=\"w-testimonial\"><blockquote class=\"w-testimonial-h\"><div class=\"w-testimonial-text\"><p style=\"font-weight: 400;\">\u2018I feel extremely lucky to have been part of this experience and I am forever thankful to FUE, for changing our lives not only professionally, but also personally\u2019\n<\/p>\n<p style=\"font-weight: 400;\">\n<\/div><div class=\"w-testimonial-author\"><div><span class=\"w-testimonial-author-name\"><span>Ana Gonz\u00e1lez Luengos, Mover by FUE de 4\u00aa edici\u00f3n<\/span><\/span><\/div><\/div><\/blockquote><\/div><div class=\"w-testimonial\"><blockquote class=\"w-testimonial-h\"><div class=\"w-testimonial-text\"><p style=\"font-weight: 400;\">&#8216;Participar en la tercera edici\u00f3n de Movers by FUE fue una experiencia enriquecedora en todos los sentidos posibles. Los profesores y la formaci\u00f3n recibida all\u00ed cambiaron la imagen r\u00edgida y est\u00e1tica que ten\u00eda sobre el aprendizaje en la universidad. El hecho de vivir esta experiencia con 20 personas m\u00e1s y en un pa\u00eds tan diferente al m\u00edo hace que siga record\u00e1ndolo como uno de los mejores viajes que he hecho&#8217;<\/p>\n<p style=\"font-weight: 400;\">\n<\/div><div class=\"w-testimonial-author\"><div><span class=\"w-testimonial-author-name\"><span>B\u00e1rbara Juan Mart\u00ednez, Mover by FUE de 3\u00aa edici\u00f3n<\/span><\/span><\/div><\/div><\/blockquote><\/div><div class=\"w-testimonial\"><blockquote class=\"w-testimonial-h\"><div class=\"w-testimonial-text\"><p style=\"font-weight: 400;\">\u2018Ahora mismo estoy realizando seis procesos de selecci\u00f3n en los que valoran much\u00edsimo mi experiencia como Mover by FUE. As\u00ed que gracias FUE por estas grandes oportunidades que ofrec\u00e9is\u2019<\/p>\n<p style=\"font-weight: 400;\">\n<\/div><div class=\"w-testimonial-author\"><div><span class=\"w-testimonial-author-name\"><span>Antonio Luis N\u00fa\u00f1ez P\u00e9reza, Mover by FUE de 5\u00aa edici\u00f3n<\/span><\/span><\/div><\/div><\/blockquote><\/div><div class=\"w-testimonial\"><blockquote class=\"w-testimonial-h\"><div class=\"w-testimonial-text\"><p style=\"font-weight: 400;\">\u2018Yo he notado que Movers by FUE influy\u00f3 positivamente cuando estaba en el proceso de renovaci\u00f3n de contrato despu\u00e9s de la beca. Ser Mover by FUE da mucha visibilidad y supone un gran empuj\u00f3n profesional, sobre todo cuando est\u00e1s haciendo pr\u00e1cticas\u2019<\/p>\n<p style=\"font-weight: 400;\">\n<\/div><div class=\"w-testimonial-author\"><div><span class=\"w-testimonial-author-name\"><span>Roc\u00edo Andrea Nebreda Urquijo, Mover by FUE de 5\u00aa edici\u00f3n<\/span><\/span><\/div><\/div><\/blockquote><\/div><div class=\"w-testimonial\"><blockquote class=\"w-testimonial-h\"><div class=\"w-testimonial-text\"><p style=\"font-weight: 400;\">\u2018Estoy muy agradecido porque, adem\u00e1s de que ser Mover es un lujo en s\u00ed mismo, noto que en mi empresa lo han valorado much\u00edsimo. Adem\u00e1s, me ha dado muchos puntos en GSK de cara a mis superiores y el departamento de RRHH\u2019<\/p>\n<p style=\"font-weight: 400;\">\n<\/div><div class=\"w-testimonial-author\"><div><span class=\"w-testimonial-author-name\"><span>Santiago Enrique Garc\u00eda del Pino, Mover by FUE de 5\u00aa edici\u00f3n<\/span><\/span><\/div><\/div><\/blockquote><\/div><div class=\"w-testimonial\"><blockquote class=\"w-testimonial-h\"><div class=\"w-testimonial-text\"><p style=\"font-weight: 400;\">&#8216;I feel extremely lucky to have been part of this experience and I am forever thankful to FUE, for changing our lives not only professionally, but also personally&#8217;<\/p>\n<p style=\"font-weight: 400;\">\n<\/div><div class=\"w-testimonial-author\"><div><span class=\"w-testimonial-author-name\"><span>Ana Gonz\u00e1lez Luengos, Mover by FUE de 4\u00aa edici\u00f3n<\/span><\/span><\/div><\/div><\/blockquote><\/div><div class=\"w-testimonial\"><blockquote class=\"w-testimonial-h\"><div class=\"w-testimonial-text\"><p style=\"font-weight: 400; text-align: center;\">&#8216;Participar en la tercera edici\u00f3n de Movers by FUE fue una experiencia enriquecedora en todos los sentidos posibles. Los profesores y la formaci\u00f3n recibida all\u00ed cambiaron la imagen r\u00edgida y est\u00e1tica que ten\u00eda sobre el aprendizaje en la universidad. El hecho de vivir esta experiencia con 20 personas m\u00e1s y en un pa\u00eds tan diferente al m\u00edo hace que siga record\u00e1ndolo como uno de los mejores viajes que he hecho&#8217;<\/p>\n<p style=\"font-weight: 400;\">\n<\/div><div class=\"w-testimonial-author\"><div><span class=\"w-testimonial-author-name\"><span>B\u00e1rbara Juan Mart\u00ednez, Mover by FUE de 3\u00aa edici\u00f3n<\/span><\/span><\/div><\/div><\/blockquote><\/div><div class=\"w-testimonial\"><blockquote class=\"w-testimonial-h\"><div class=\"w-testimonial-text\"><p style=\"text-align: center;\">&#8216;Ahora mismo estoy realizando seis procesos de selecci\u00f3n en los que valoran much\u00edsimo mi experiencia como Mover by FUE. As\u00ed que gracias FUE por estas grandes oportunidades que ofrec\u00e9is&#8217;<\/p>\n<\/div><div class=\"w-testimonial-author\"><div><span class=\"w-testimonial-author-name\"><span>Antonio Luis N\u00fa\u00f1ez P\u00e9reza, Mover by FUE de 5\u00aa edici\u00f3n<\/span><\/span><\/div><\/div><\/blockquote><\/div><div class=\"w-testimonial\"><blockquote class=\"w-testimonial-h\"><div class=\"w-testimonial-text\"><p style=\"text-align: center;\">&#8216;Yo he notado que Movers by FUE influy\u00f3 positivamente cuando estaba en el proceso de renovaci\u00f3n de contrato despu\u00e9s de la beca. Ser Mover by FUE da mucha visibilidad y supone un gran empuj\u00f3n profesional, sobre todo cuando est\u00e1s haciendo pr\u00e1cticas&#8217;<\/p>\n<\/div><div class=\"w-testimonial-author\"><div><span class=\"w-testimonial-author-name\"><span>Roc\u00edo Andrea Nebreda Urquijo, Mover by FUE de 5\u00aa edici\u00f3n<\/span><\/span><\/div><\/div><\/blockquote><\/div><div class=\"w-testimonial\"><blockquote class=\"w-testimonial-h\"><div class=\"w-testimonial-text\"><p style=\"text-align: center;\">&#8216;Estoy muy agradecido porque, adem\u00e1s de que ser Mover es un lujo en s\u00ed mismo, noto que en mi empresa lo han valorado much\u00edsimo. Adem\u00e1s, me ha dado muchos puntos en GSK de cara a mis superiores y el departamento de RRHH&#8217;<\/p>\n<p style=\"text-align: center;\">\n<\/div><div class=\"w-testimonial-author\"><div><span class=\"w-testimonial-author-name\"><span>Santiago Enrique Garc\u00eda del Pino, Mover by FUE de 5\u00aa edici\u00f3n<\/span><\/span><\/div><\/div><\/blockquote><\/div><\/div><\/div><\/div><\/div><\/div><\/div><\/section><!-- Row Backgrounds --><div class=\"upb_bg_img\" data-ultimate-bg=\"url(https:\/\/moversbyfue.com\/secciones\/wp-content\/uploads\/2013\/05\/BACKGROUND3_opaci.png)\" data-image-id=\"id^6186|url^https:\/\/moversbyfue.com\/secciones\/wp-content\/uploads\/2013\/05\/BACKGROUND3_opaci.png|caption^null|alt^fondo movers by fue|title^fondo movers by fue|description^null\" data-ultimate-bg-style=\"vcpb-vz-jquery\" data-bg-img-repeat=\"repeat\" data-bg-img-size=\"cover\" data-bg-img-position=\"\" data-parallx_sense=\"30\" data-bg-override=\"0\" data-bg_img_attach=\"scroll\" data-upb-overlay-color=\"\" data-upb-bg-animation=\"\" data-fadeout=\"\" data-bg-animation=\"left-animation\" data-bg-animation-type=\"h\" data-animation-repeat=\"repeat\" data-fadeout-percentage=\"30\" data-parallax-content=\"\" data-parallax-content-sense=\"30\" data-row-effect-mobile-disable=\"true\" data-img-parallax-mobile-disable=\"true\" data-rtl=\"false\"  data-custom-vc-row=\"\"  data-vc=\"5.0.1\"  data-is_old_vc=\"\"  data-theme-support=\"\"   data-overlay=\"false\" data-overlay-color=\"\" data-overlay-pattern=\"\" data-overlay-pattern-opacity=\"\" data-overlay-pattern-size=\"\"    ><\/div><section class=\"l-section wpb_row height_auto color_custom preguntas_frecuentes\" style=\"background-color: #e9e9e9;\"><div class=\"l-section-h i-cf\"><div class=\"g-cols type_default\"><div class=\"vc_col-sm-6 wpb_column vc_column_container\"><div class=\"vc_column-inner  vc_custom_1486397710717\"><div class=\"wpb_wrapper\">[vc_empty_space height=\u00bb80px\u00bb]<div class=\"wpb_text_column \"><div class=\"wpb_wrapper\">\n<h3><strong><span style=\"color: #d42f43;\">PREGUNTAS FRECUENTES<\/span><\/strong><\/h3>\n<\/div> <\/div> <div class=\"w-tabs layout_default accordion title_left icon_chevron iconpos_right \"><div class=\"w-tabs-list items_3\"><div class=\"w-tabs-list-h\"><div class=\"w-tabs-item\"><a href=\"#1555339531829-9f363039-c86c\" class=\"w-tabs-item-h\"><span class=\"w-tabs-item-title\">\u00bfQu\u00e9 significa participar en esta iniciativa?<\/span><\/a><\/div>\n<div class=\"w-tabs-item\"><a href=\"#1555339531914-342c6096-8fcf\" class=\"w-tabs-item-h\"><span class=\"w-tabs-item-title\">\u00bfQu\u00e9 tengo que hacer para participar? <\/span><\/a><\/div>\n<div class=\"w-tabs-item\"><a href=\"#1555339532000-30206ad6-dcc9\" class=\"w-tabs-item-h\"><span class=\"w-tabs-item-title\">\u00bfEn qu\u00e9 consiste la experiencia Movers by FUE?<\/span><\/a><\/div>\n<\/div><\/div><div class=\"w-tabs-sections\"><div class=\"w-tabs-sections-h\"><div class=\"w-tabs-section\" id=\"1555339531829-9f363039-c86c\"><a href=\"#1555339531829-9f363039-c86c\" class=\"w-tabs-section-header\"><div class=\"w-tabs-section-header-h\"><h5 class=\"w-tabs-section-title\">\u00bfQu\u00e9 significa participar en esta iniciativa?<\/h5><div class=\"w-tabs-section-control\"><\/div><\/div><\/a><div class=\"w-tabs-section-content\"><div class=\"w-tabs-section-content-h i-cf\"><div class=\"wpb_text_column \"><div class=\"wpb_wrapper\">\n<p>Participar en la iniciativa MOVERS by FUE significa para el estudiante recibir un reconocimiento por su esfuerzo y dedicaci\u00f3n en los programas formativos. Los seleccionados tienen la oportunidad de formarse en prestigiosas universidades y trabajar con profesionales destacados, lo que les ayuda a desarrollar habilidades y abrir nuevas oportunidades profesionales.<\/p>\n<\/div> <\/div> <\/div><\/div><\/div><div class=\"w-tabs-section\" id=\"1555339531914-342c6096-8fcf\"><a href=\"#1555339531914-342c6096-8fcf\" class=\"w-tabs-section-header\"><div class=\"w-tabs-section-header-h\"><h5 class=\"w-tabs-section-title\">\u00bfQu\u00e9 tengo que hacer para participar? <\/h5><div class=\"w-tabs-section-control\"><\/div><\/div><\/a><div class=\"w-tabs-section-content\"><div class=\"w-tabs-section-content-h i-cf\"><div class=\"wpb_text_column \"><div class=\"wpb_wrapper\">\n<p>Debes haber realizado tus pr\u00e1cticas a trav\u00e9s de los programas de pr\u00e1cticas de Talentoteca by FUE.<br \/>\nhttps:\/\/www.talentoteca.es\/programas-practicas\/<br \/>\nAdem\u00e1s, de un sobresaliente rendimiento acad\u00e9mico, la empresa donde realices las pr\u00e1cticas deber\u00eda preselecionarte para poder participar.<\/p>\n<\/div> <\/div> <\/div><\/div><\/div><div class=\"w-tabs-section\" id=\"1555339532000-30206ad6-dcc9\"><a href=\"#1555339532000-30206ad6-dcc9\" class=\"w-tabs-section-header\"><div class=\"w-tabs-section-header-h\"><h5 class=\"w-tabs-section-title\">\u00bfEn qu\u00e9 consiste la experiencia Movers by FUE?<\/h5><div class=\"w-tabs-section-control\"><\/div><\/div><\/a><div class=\"w-tabs-section-content\"><div class=\"w-tabs-section-content-h i-cf\"><div class=\"wpb_text_column \"><div class=\"wpb_wrapper\">\n<p>La Fundaci\u00f3n Universidad-Empresa, junto a la estrecha colaboraci\u00f3n de Fundaci\u00f3n Rafael del Pino, son las encargadas de financiar esta iniciativa que premia la excelencia y el entusiasmo del talento joven.<\/p>\n<\/div> <\/div> <\/div><\/div><\/div><\/div><\/div><\/div><\/div><\/div><\/div><div class=\"vc_col-sm-6 wpb_column vc_column_container\"><div class=\"vc_column-inner\"><div class=\"wpb_wrapper\">[vc_empty_space height=\u00bb80px\u00bb]<\/div><\/div><\/div><\/div><\/div><\/section><!-- Row Backgrounds --><div class=\"upb_bg_img\" data-ultimate-bg=\"url(https:\/\/moversbyfue.com\/secciones\/wp-content\/uploads\/2025\/07\/edificios_6.jpg)\" data-image-id=\"id^7552|url^https:\/\/moversbyfue.com\/secciones\/wp-content\/uploads\/2025\/07\/edificios_6.jpg|caption^null|alt^null|title^edificios_6|description^null\" data-ultimate-bg-style=\"vcpb-default\" data-bg-img-repeat=\"no-repeat\" data-bg-img-size=\"cover\" data-bg-img-position=\"\" data-parallx_sense=\"30\" data-bg-override=\"0\" data-bg_img_attach=\"fixed\" data-upb-overlay-color=\"\" data-upb-bg-animation=\"\" data-fadeout=\"\" data-bg-animation=\"left-animation\" data-bg-animation-type=\"h\" data-animation-repeat=\"repeat\" data-fadeout-percentage=\"30\" data-parallax-content=\"\" data-parallax-content-sense=\"30\" data-row-effect-mobile-disable=\"true\" data-img-parallax-mobile-disable=\"true\" data-rtl=\"false\"  data-custom-vc-row=\"\"  data-vc=\"5.0.1\"  data-is_old_vc=\"\"  data-theme-support=\"\"   data-overlay=\"false\" data-overlay-color=\"\" data-overlay-pattern=\"\" data-overlay-pattern-opacity=\"\" data-overlay-pattern-size=\"\"    ><\/div>\n","protected":false},"excerpt":{"rendered":"'Estoy muy agradecido porque, adem\u00e1s de que ser Mover es un lujo en s\u00ed mismo, noto que en mi empresa lo han valorado much\u00edsimo. Adem\u00e1s, me ha...","protected":false},"author":1,"featured_media":0,"parent":0,"menu_order":0,"comment_status":"closed","ping_status":"closed","template":"","meta":{"footnotes":""},"_links":{"self":[{"href":"https:\/\/moversbyfue.com\/secciones\/wp-json\/wp\/v2\/pages\/5973"}],"collection":[{"href":"https:\/\/moversbyfue.com\/secciones\/wp-json\/wp\/v2\/pages"}],"about":[{"href":"https:\/\/moversbyfue.com\/secciones\/wp-json\/wp\/v2\/types\/page"}],"author":[{"embeddable":true,"href":"https:\/\/moversbyfue.com\/secciones\/wp-json\/wp\/v2\/users\/1"}],"replies":[{"embeddable":true,"href":"https:\/\/moversbyfue.com\/secciones\/wp-json\/wp\/v2\/comments?post=5973"}],"version-history":[{"count":65,"href":"https:\/\/moversbyfue.com\/secciones\/wp-json\/wp\/v2\/pages\/5973\/revisions"}],"predecessor-version":[{"id":7563,"href":"https:\/\/moversbyfue.com\/secciones\/wp-json\/wp\/v2\/pages\/5973\/revisions\/7563"}],"wp:attachment":[{"href":"https:\/\/moversbyfue.com\/secciones\/wp-json\/wp\/v2\/media?parent=5973"}],"curies":[{"name":"wp","href":"https:\/\/api.w.org\/{rel}","templated":true}]}}